{"id":20100,"date":"2021-01-27T10:10:16","date_gmt":"2021-01-27T10:11:07","guid":{"rendered":"https:\/\/evotek.md\/?post_type=product&#038;p=20100"},"modified":"2023-03-01T10:32:36","modified_gmt":"2023-03-01T10:32:36","slug":"friteuza-electrica-2%d1%858-l-m-09300416","status":"publish","type":"product","link":"https:\/\/evotek.md\/ro\/produse\/echipamente-termice\/friteuze-3\/friteuza-electrica-2%d1%858-l-m-09300416\/","title":{"rendered":"FRITEUZA ELECTRICA, 8+8 LITRI -M-09300416"},"content":{"rendered":"<p><strong>FRITEUZA ELECTRICA, 8+8 LITRI -M-09300416- <\/strong>Friteuz\u0103 electric\u0103 dubl\u0103 cu care pute\u021bi pr\u0103ji cartofi pai \u0219i alte gust\u0103ri delicioase \u00een acela\u0219i timp. Friteuza are, de asemenea, o supap\u0103 de ulei \u0219i este potrivit\u0103 pentru uz comercial.<\/p>\n<p>Caracteristici<\/p>\n<p>Parametri: 595\u0445465&#215;395 mm<\/p>\n<p>Conexiune: 230 V \/ 50 Hz \/ 1 faz\u0103 2&#215;3250 W<\/p>\n<p>Dimensiuni co\u0219: 190x240x140 mm<\/p>\n<p>Termostat reglabil: 0 \u00b0 C p\u00e2n\u0103 la 190 \u00b0 C<\/p>\n<p>Volumul minim de ulei: 2\u04455 l<\/p>\n<p>Volumul maxim de ulei: 2\u04458 l<\/p>\n<p>Greutate: 14,66 kg<\/p>\n<p>&nbsp;<\/p>\n<p>&nbsp;<\/p>\n","protected":false},"excerpt":{"rendered":"<p>Friteuza electric\u0103 la 2\u04458 litri. Parametri: 595\u0445465&#215;395 mm; Conexiune: 230 V \/ 50 Hz \/ 1 faz\u0103 2&#215;3250 W; Dimensiuni co\u0219: 190x240x140 mm; Termostat reglabil: 0 \u00b0 C p\u00e2n\u0103 la 190 \u00b0 C; Volumul minim de ulei: 2\u04455 l; Volumul maxim de ulei: 2\u04458 l; Greutate: 14,66 kg.<\/p>\n","protected":false},"featured_media":20091,"template":"","meta":[],"_links":{"self":[{"href":"https:\/\/evotek.md\/ro\/wp-json\/wp\/v2\/product\/20100"}],"collection":[{"href":"https:\/\/evotek.md\/ro\/wp-json\/wp\/v2\/product"}],"about":[{"href":"https:\/\/evotek.md\/ro\/wp-json\/wp\/v2\/types\/product"}],"wp:featuredmedia":[{"embeddable":true,"href":"https:\/\/evotek.md\/ro\/wp-json\/wp\/v2\/media\/20091"}],"wp:attachment":[{"href":"https:\/\/evotek.md\/ro\/wp-json\/wp\/v2\/media?parent=20100"}],"curies":[{"name":"wp","href":"https:\/\/api.w.org\/{rel}","templated":true}]}}