{"id":20084,"date":"2021-01-26T15:58:52","date_gmt":"2021-01-26T15:59:31","guid":{"rendered":"https:\/\/evotek.md\/?post_type=product&#038;p=20084"},"modified":"2023-03-01T10:32:07","modified_gmt":"2023-03-01T10:32:07","slug":"friteuza-electrica-1%d1%858-l-m-09300415","status":"publish","type":"product","link":"https:\/\/evotek.md\/ro\/produse\/echipamente-termice\/friteuze-3\/friteuza-electrica-1%d1%858-l-m-09300415\/","title":{"rendered":"FRITEUZA ELECTRICA, 8 LITRI -M-09300415"},"content":{"rendered":"<p><strong>FRITEUZA ELECTRICA, 8 LITRI -M-09300415- <\/strong>Friteuza electrica de lux ad\u0103nca cu bol detasabil, disponibila cu robinet. Friteuza are o capacitate de 8 litri. Aceast\u0103 friteuz\u0103 electric\u0103 este echipat\u0103 cu elemente de \u00eenc\u0103lzire de protec\u021bie. Pute\u021bi s\u0103 o cur\u0103\u021ba\u021bi cu u\u0219urin\u021b\u0103 \u0219i s\u0103 scoate\u021bi u\u0219or capacul.<\/p>\n<p>Caracteristici<\/p>\n<p>Parametri: 315\u0445465&#215;395 mm<\/p>\n<p>Conexiune: 230 V \/ 50 Hz \/ 1 faz\u0103 2 x 3250 W<\/p>\n<p>Capacitate cartofi pr\u0103ji\u021bi: 1,5 kg<\/p>\n<p>Dimensiuni co\u0219: 190x240x140 mm<\/p>\n<p>Termostat reglabil: 0 \u00b0 C p\u00e2n\u0103 la 190 \u00b0 C<\/p>\n<p>Volumul minim de ulei: 1\u04455 l<\/p>\n<p>Volumul maxim de ulei: 1\u04458 l<\/p>\n<p>Greutate: 8 kg<\/p>\n<p>&nbsp;<\/p>\n<p>&nbsp;<\/p>\n","protected":false},"excerpt":{"rendered":"<p>Friteuza electric\u0103 la 1\u04458 litri. Parametri: 315\u0445465&#215;395 mm; Conexiune: 230 V \/ 50 Hz \/ 1 faz\u0103 2 x 3250 W; Capacitate cartofi pr\u0103ji\u021bi: 1,5 kg; Dimensiuni co\u0219: 190x240x140 mm; Termostat reglabil: 0 \u00b0 C p\u00e2n\u0103 la 190 \u00b0 C; Volumul minim de ulei: 1\u04455 l; Volumul maxim de ulei: 1\u04458 l; Greutate: 8 kg.<\/p>\n","protected":false},"featured_media":20071,"template":"","meta":[],"_links":{"self":[{"href":"https:\/\/evotek.md\/ro\/wp-json\/wp\/v2\/product\/20084"}],"collection":[{"href":"https:\/\/evotek.md\/ro\/wp-json\/wp\/v2\/product"}],"about":[{"href":"https:\/\/evotek.md\/ro\/wp-json\/wp\/v2\/types\/product"}],"wp:featuredmedia":[{"embeddable":true,"href":"https:\/\/evotek.md\/ro\/wp-json\/wp\/v2\/media\/20071"}],"wp:attachment":[{"href":"https:\/\/evotek.md\/ro\/wp-json\/wp\/v2\/media?parent=20084"}],"curies":[{"name":"wp","href":"https:\/\/api.w.org\/{rel}","templated":true}]}}