{"id":2007,"date":"2020-02-17T11:10:02","date_gmt":"2020-02-17T11:10:02","guid":{"rendered":"https:\/\/evotek.md\/?post_type=product&#038;p=2007"},"modified":"2021-06-18T13:39:56","modified_gmt":"2021-06-18T13:39:56","slug":"cuptor-cu-convectie-digital-ekf-464-d-ud","status":"publish","type":"product","link":"https:\/\/evotek.md\/ro\/produse\/echipamente-termice\/cuptoare-cu-convectie-cuptoare\/cuptor-cu-convectie-digital-ekf-464-d-ud\/","title":{"rendered":"CUPTOR CU CONVEC\u021aIE DIGITAL &#8211; EKF 464 D UD"},"content":{"rendered":"<p><strong>CUPTOR CU CONVEC\u021aIE DIGITAL &#8211; EKF 464 D UD &#8211; <\/strong>Cuptorul cu convec\u021bie este destinat pentru coacerea produselor de panifica\u021bie la \u00eentreprinderile de alimenta\u021bie public\u0103, precum \u0219i \u00een magazinele de produc\u021bie, a c\u0103ror activitate este asociat\u0103 cu fabricarea de produse gastronomice.<\/p>\n<p>Torturi, gust\u0103ri dulci, croissanturi simple sau cu umplutur\u0103: cu op\u021biunea de aburire direct\u0103, pute\u021bi personaliza cu adev\u0103rat modul \u00een care fiecare fel de m\u00e2ncare este g\u0103tit. Pute\u021bi controla cuptorul folosind inovatorul panou de control digital, care are 99 de programe care v\u0103 permit s\u0103 g\u0103ti\u021bi \u00een 4 pa\u0219i, set\u00e2nd timpul, temperatura, nivelul de umiditate \u0219i temperatura sondei pentru fiecare.<\/p>\n<p>Func\u021bia de r\u0103cire for\u021bat\u0103 protejeaz\u0103 toate componentele electrice de supra\u00eenc\u0103lzire. Iluminarea interioar\u0103 \u0219i sticla dubl\u0103 termorezistent\u0103 \u00een u\u0219a batant\u0103 v\u0103 permit s\u0103 observa\u021bi procesul de g\u0103tit f\u0103r\u0103 a fi necesar s\u0103 deschide\u021bi u\u0219a.<\/p>\n<p><strong>*Pentru a beneficia de garan\u021bie este obligatoriu de a fi instalat filtru DVA pentru acest echipament.<\/strong><\/p>\n<p>Caracteristici<\/p>\n<p>Parametri: 784x752x634mm<\/p>\n<p>Capacitate: 4<\/p>\n<p>Distan\u021ba dintre niveluri: 83 mm<\/p>\n<p>Greutate: 58 kg<\/p>\n<p>Putere: 6,4 kW<\/p>\n<p>Conexiune: AC 380\/400 2N (B)<\/p>\n<p>Mod de temperatur\u0103: de la 30\u00b0 \u0421 la 260 \u00b0 \u0421<\/p>\n","protected":false},"excerpt":{"rendered":"<p>Cuptor cu convec\u021bie, cu patru nivele. Parametri: 784x752x634mm; Capacitate: 4; Distan\u021ba dintre niveluri: 83 mm; Greutate: 58 kg; Putere: 6,4 kW; Conexiune: AC 380\/400 2N (B); Mod de temperatur\u0103: de la 30\u00b0 \u0421 la 260 \u00b0 \u0421.<\/p>\n<p><strong>*T\u0103vile GN \u0219i t\u0103vile pentru patiserie nu sunt incluse \u00een set.<\/strong><br \/>\n<strong>*Recomand\u0103m instalarea adi\u021bional\u0103 a unui filtru DVA pentru o bun\u0103 func\u021bionare a cuptorului.<\/strong><\/p>\n","protected":false},"featured_media":2006,"template":"","meta":[],"_links":{"self":[{"href":"https:\/\/evotek.md\/ro\/wp-json\/wp\/v2\/product\/2007"}],"collection":[{"href":"https:\/\/evotek.md\/ro\/wp-json\/wp\/v2\/product"}],"about":[{"href":"https:\/\/evotek.md\/ro\/wp-json\/wp\/v2\/types\/product"}],"wp:featuredmedia":[{"embeddable":true,"href":"https:\/\/evotek.md\/ro\/wp-json\/wp\/v2\/media\/2006"}],"wp:attachment":[{"href":"https:\/\/evotek.md\/ro\/wp-json\/wp\/v2\/media?parent=2007"}],"curies":[{"name":"wp","href":"https:\/\/api.w.org\/{rel}","templated":true}]}}