{"id":20067,"date":"2021-01-26T15:31:27","date_gmt":"2021-01-26T15:32:18","guid":{"rendered":"https:\/\/evotek.md\/?post_type=product&#038;p=20067"},"modified":"2023-03-01T10:21:51","modified_gmt":"2023-03-01T10:21:51","slug":"friteuza-electrica-2%d1%854-l-m-09300411","status":"publish","type":"product","link":"https:\/\/evotek.md\/ro\/produse\/echipamente-termice\/friteuze-3\/friteuza-electrica-2%d1%854-l-m-09300411\/","title":{"rendered":"FRITEUZA ELECTRICA, 4+4 LITRI -M-09300411"},"content":{"rendered":"<p><strong>FRITEUZA ELECTRICA, 4+4 LITRI -M-09300411- <\/strong>Friteuza electric\u0103 este excelent\u0103 pentru pr\u0103jirea unei variet\u0103\u021bi de gust\u0103ri \u0219i cartofi pr\u0103ji\u021bi \u00eentr-un timp scurt. Aceast\u0103 friteuz\u0103 electric\u0103 are dou\u0103 containere deta\u0219abile de 4L \u0219i este potrivit\u0103 pentru uz comercial. Aceast\u0103 friteuz\u0103 dubl\u0103 este complet fabricat\u0103 din inox. Patru picioare din cauciuc \u00eel fac stabil \u00een orice buc\u0103t\u0103rie.<\/p>\n<p>Caracteristici<\/p>\n<p>Parametri: 480x385x300 mm<\/p>\n<p>Conexiune: 230 V \/ 50 Hz \/ 1 faz\u0103 2 x 2500 W<\/p>\n<p>Capacitate cartofi pr\u0103ji\u021bi: 2&#215;1,0 kg<\/p>\n<p>Dimensiuni co\u0219: 160x220x125 mm<\/p>\n<p>Termostat reglabil: 0 \u00b0 C p\u00e2n\u0103 la 190 \u00b0 C<\/p>\n<p>Volumul minim de ulei: 2\u04453,5 l<\/p>\n<p>Volumul maxim de ulei: 2\u04454,5 l<\/p>\n<p>Greutate: 10,16 kg<\/p>\n<p>&nbsp;<\/p>\n","protected":false},"excerpt":{"rendered":"<p>Friteuza electric\u0103 la 2\u04454 litri. Parametri: 480x385x300 mm; Conexiune: 230 V \/ 50 Hz \/ 1 faz\u0103 2 x 2500 W; Capacitate cartofi pr\u0103ji\u021bi: 2&#215;1,0 kg; Dimensiuni co\u0219: 160x220x125 mm; Termostat reglabil: 0 \u00b0 C p\u00e2n\u0103 la 190 \u00b0 C; Volumul minim de ulei: 2\u04453,5 l; Volumul maxim de ulei: 2\u04454,5 l; Greutate: 10,16 kg.<\/p>\n","protected":false},"featured_media":20056,"template":"","meta":[],"_links":{"self":[{"href":"https:\/\/evotek.md\/ro\/wp-json\/wp\/v2\/product\/20067"}],"collection":[{"href":"https:\/\/evotek.md\/ro\/wp-json\/wp\/v2\/product"}],"about":[{"href":"https:\/\/evotek.md\/ro\/wp-json\/wp\/v2\/types\/product"}],"wp:featuredmedia":[{"embeddable":true,"href":"https:\/\/evotek.md\/ro\/wp-json\/wp\/v2\/media\/20056"}],"wp:attachment":[{"href":"https:\/\/evotek.md\/ro\/wp-json\/wp\/v2\/media?parent=20067"}],"curies":[{"name":"wp","href":"https:\/\/api.w.org\/{rel}","templated":true}]}}