{"id":20052,"date":"2021-01-26T15:15:35","date_gmt":"2021-01-26T15:16:12","guid":{"rendered":"https:\/\/evotek.md\/?post_type=product&#038;p=20052"},"modified":"2023-03-01T10:31:02","modified_gmt":"2023-03-01T10:31:02","slug":"friteuza-electrica-2%d1%856-l-m-09364951","status":"publish","type":"product","link":"https:\/\/evotek.md\/ro\/produse\/echipamente-termice\/friteuze-3\/friteuza-electrica-2%d1%856-l-m-09364951\/","title":{"rendered":"FRITEUZA ELECTRICA, 6+6 LITRI -M-09364951"},"content":{"rendered":"<p><strong>FRITEUZA ELECTRICA, 6+6 LITRI -M-09364951- <\/strong>Friteuza electric\u0103 este excelent\u0103 pentru pr\u0103jirea unei variet\u0103\u021bi de gust\u0103ri \u0219i cartofi pr\u0103ji\u021bi \u00eentr-un timp scurt. Aceast\u0103 friteuz\u0103 electric\u0103 este echipat\u0103 cu dou\u0103 recipiente de ulei deta\u0219abile de 6 litri, astfel \u00eenc\u00e2t s\u0103 pute\u021bi pr\u0103ji de dou\u0103 ori mai mult\u0103 m\u00e2ncare. Aceast\u0103 friteuz\u0103 dubl\u0103 este complet fabricat\u0103 din inox. Patru picioare din cauciuc \u00eel fac stabil \u00een orice buc\u0103t\u0103rie.<\/p>\n<p>Caracteristici<\/p>\n<p>Parametri: 570x440x315 mm<\/p>\n<p>Conexiune: 230 V \/ 50 Hz \/ 1 faz\u0103 2 x 2500 W<\/p>\n<p>Capacitate cartofi pr\u0103ji\u021bi: 2&#215;1,2 kg<\/p>\n<p>Dimensiuni co\u0219: 200x220x110 mm<\/p>\n<p>Termostat reglabil: 0 \u00b0 C p\u00e2n\u0103 la 200 \u00b0 C<\/p>\n<p>Volumul minim de ulei: 2&#215;5,0 l<\/p>\n<p>Volumul maxim de ulei: 2&#215;6,5 l<\/p>\n<p>Greutate: 9,5 kg<\/p>\n<p>&nbsp;<\/p>\n<p>&nbsp;<\/p>\n","protected":false},"excerpt":{"rendered":"<p>Friteuza electric\u0103 la 2\u04456 litri. Parametri: 570x440x315 mm; Conexiune: 230 V \/ 50 Hz \/ 1 faz\u0103 2 x 2500 W; Capacitate cartofi pr\u0103ji\u021bi: 2&#215;1,2 kg; Dimensiuni co\u0219: 200x220x110 mm; Termostat reglabil: 0 \u00b0 C p\u00e2n\u0103 la 200 \u00b0 C; Volumul minim de ulei: 2&#215;5,0 l; Volumul maxim de ulei: 2&#215;6,5 l; Greutate: 9,5 kg.<\/p>\n","protected":false},"featured_media":20041,"template":"","meta":[],"_links":{"self":[{"href":"https:\/\/evotek.md\/ro\/wp-json\/wp\/v2\/product\/20052"}],"collection":[{"href":"https:\/\/evotek.md\/ro\/wp-json\/wp\/v2\/product"}],"about":[{"href":"https:\/\/evotek.md\/ro\/wp-json\/wp\/v2\/types\/product"}],"wp:featuredmedia":[{"embeddable":true,"href":"https:\/\/evotek.md\/ro\/wp-json\/wp\/v2\/media\/20041"}],"wp:attachment":[{"href":"https:\/\/evotek.md\/ro\/wp-json\/wp\/v2\/media?parent=20052"}],"curies":[{"name":"wp","href":"https:\/\/api.w.org\/{rel}","templated":true}]}}