{"id":20005,"date":"2021-01-26T14:21:08","date_gmt":"2021-01-26T14:21:44","guid":{"rendered":"https:\/\/evotek.md\/?post_type=product&#038;p=20005"},"modified":"2023-03-09T10:25:32","modified_gmt":"2023-03-09T10:25:32","slug":"mixer-planetar-mpm-7l-silver-m-09360755","status":"publish","type":"product","link":"https:\/\/evotek.md\/ro\/produse\/echipamente-electromecanice\/mixer-planetar\/mixer-planetar-mpm-7l-silver-m-09360755\/","title":{"rendered":"MIXER PLANETAR, 7 LITRI (gri) -M-09360755"},"content":{"rendered":"<p><strong>MIXER PLANETAR, 7 LITRI (gri) -M-09360755-<\/strong> Mixer planetar puternic are o carcas\u0103 robust\u0103 din metal, cu o acoperire rezistent\u0103 la zg\u00e2rieturi. Este foarte u\u0219or de cur\u0103\u021bat. Pute\u021bi amesteca ingredientele perfect cu acest mixer planetar, inclusiv bolul robust de 7 litri din inox.<\/p>\n<p>Caracteristici<\/p>\n<p>Dimensiuni: 240x425x425 mm<\/p>\n<p>Putere: 230 V \/ 50 Hz \/ 1 faz\u0103 350 W<\/p>\n<p>11 viteze diferite: 100 &#8211; 938 rpm<\/p>\n<p>Butoane de pornire \u0219i oprire separate<\/p>\n<p>Greutate net\u0103: 17 kg<\/p>\n<p>&nbsp;<\/p>\n","protected":false},"excerpt":{"rendered":"<p>Mixer planetar cu un volum de 7 litri. Dimensiuni: 240x425x425 mm; Putere: 230 V \/ 50 Hz \/ 1 faz\u0103 350 W; 11 viteze diferite: 100 &#8211; 938 rpm; Butoane de pornire \u0219i oprire separate; Greutate net\u0103: 17 kg.<\/p>\n","protected":false},"featured_media":19994,"template":"","meta":[],"_links":{"self":[{"href":"https:\/\/evotek.md\/ro\/wp-json\/wp\/v2\/product\/20005"}],"collection":[{"href":"https:\/\/evotek.md\/ro\/wp-json\/wp\/v2\/product"}],"about":[{"href":"https:\/\/evotek.md\/ro\/wp-json\/wp\/v2\/types\/product"}],"wp:featuredmedia":[{"embeddable":true,"href":"https:\/\/evotek.md\/ro\/wp-json\/wp\/v2\/media\/19994"}],"wp:attachment":[{"href":"https:\/\/evotek.md\/ro\/wp-json\/wp\/v2\/media?parent=20005"}],"curies":[{"name":"wp","href":"https:\/\/api.w.org\/{rel}","templated":true}]}}