{"id":1999,"date":"2020-02-17T09:35:56","date_gmt":"2020-02-17T09:35:56","guid":{"rendered":"https:\/\/evotek.md\/?post_type=product&#038;p=1999"},"modified":"2021-06-18T12:51:50","modified_gmt":"2021-06-18T12:51:50","slug":"cuptor-cu-abur-tecnoeka-ekf-411-al-ud","status":"publish","type":"product","link":"https:\/\/evotek.md\/ro\/produse\/echipamente-termice\/cuptoare-cu-abur-2-teplovoe-oborudovanie\/cuptor-cu-abur-tecnoeka-ekf-411-al-ud\/","title":{"rendered":"CUPTOR CU ABUR Tecnoeka &#8211; EKF 411 AL UD"},"content":{"rendered":"<p><strong>CUPTOR CU ABUR Tecnoeka &#8211; EKF 411 AL UD <\/strong>&#8211; \u00a0Datorit\u0103 multifunc\u021bionalit\u0103\u021bii sale, v\u0103 permite s\u0103 preg\u0103ti\u021bi o gam\u0103 larg\u0103 de feluri de m\u00e2ncare: carne, pe\u0219te, carne de pui, fructe de mare, legume, feluri de m\u00e2ncare \u0219i gust\u0103ri, precum \u0219i coacerea simpl\u0103. \u00cen timpul prepar\u0103rii simultan a diferitelor feluri de m\u00e2ncare, nu exist\u0103 amestec de mirosuri \u0219i arome \u0219i \u00een timp ce produsele \u00ee\u0219i p\u0103streaz\u0103 toate propriet\u0103\u021bile utile: vitamine \u0219i oligoelemente. Sistemele de \u00eenc\u0103lzire combinate pot \u00eenlocui mai multe unit\u0103\u021bi de echipamente termice.<\/p>\n<p>Vaporizatorul \u00eendepline\u0219te toate standardele moderne de cerin\u021be de calitate \u0219i siguran\u021b\u0103. Produs de cea mai recent\u0103 tehnologie de \u00eenalt\u0103 calitate. Designul cuptorului de aburi v\u0103 permite s\u0103 maximiza\u021bi utilizarea spa\u021biului de lucru \u00een buc\u0103t\u0103rie. Detaliile echipamentului sunt realizate din materiale din o\u021bel inoxidabil \u0219i anti-coroziune.<\/p>\n<p>&#8211; Sistemele de aburi func\u021bioneaz\u0103 \u00een trei moduri, care pot fi utilizate separat, \u00een serie sau combinate: Modul de convec\u021bie p\u00e2n\u0103 la 300 \u00b0 C; Mod abur p\u00e2n\u0103 la 100 \u00b0 \u0421; Modul combinat (abur + convec\u021bie) de la 50 \u00b0 C la 300 \u00b0.<\/p>\n<p>&#8211; Avantaje: Design modern; Din inox; Panou de control \u00eembun\u0103t\u0103\u021bit; Balamale \u0219i elemente de fixare pentru u\u0219\u0103 u\u0219oar\u0103; Izolare termic\u0103 sporit\u0103; R\u0103cirea for\u021bat\u0103 pentru protejarea componentelor electrice; Nu sunt g\u0103uri pe pere\u021bii cuptorului; Nivel de protec\u021bie IPX3, IPX5 pentru seria &#8220;Touch control&#8221;.<\/p>\n<p><strong>*Pentru a beneficia de garan\u021bie este obligatoriu de a fi instalat filtru DVA pentru acest echipament.<\/strong><\/p>\n<p>Caracteristici<\/p>\n<p>Dimensiuni: 790&#215;785\u0445635 mm<\/p>\n<p>Capacitate: 6,4 kW<\/p>\n<p>Tensiune: 380 V<\/p>\n<p>Greutate: 56,4 kg<\/p>\n<p>Interval de temperatur\u0103: 50 \u00b0 C &#8230; 300 \u00b0 C<\/p>\n<p>Capacitate: 4 nivele GN 1\/1<\/p>\n<p>Distan\u021ba dintre nivele: 73 mm<\/p>\n<p>Tip de vaporizare: injector<\/p>\n","protected":false},"excerpt":{"rendered":"<p>Cuptor cu abur, cu patru nivele: Dimensiuni: 790&#215;785\u0445635 mm; Capacitate: 6,4 kW; Tensiune: 380 V; Greutate: 56,4 kg; Interval de temperatur\u0103: 50 \u00b0 C &#8230; 300 \u00b0 C; Capacitate: 4 nivele GN 1\/1; Distan\u021ba dintre nivele: 73 mm; Tip de vaporizare: injector.<\/p>\n<p><strong>*T\u0103vile GN \u0219i t\u0103vile pentru patiserie nu sunt incluse \u00een set.<\/strong><br \/>\n<strong>*Recomand\u0103m instalarea adi\u021bional\u0103 a unui filtru DVA pentru o bun\u0103 func\u021bionare a cuptorului.<\/strong><\/p>\n","protected":false},"featured_media":2000,"template":"","meta":[],"_links":{"self":[{"href":"https:\/\/evotek.md\/ro\/wp-json\/wp\/v2\/product\/1999"}],"collection":[{"href":"https:\/\/evotek.md\/ro\/wp-json\/wp\/v2\/product"}],"about":[{"href":"https:\/\/evotek.md\/ro\/wp-json\/wp\/v2\/types\/product"}],"wp:featuredmedia":[{"embeddable":true,"href":"https:\/\/evotek.md\/ro\/wp-json\/wp\/v2\/media\/2000"}],"wp:attachment":[{"href":"https:\/\/evotek.md\/ro\/wp-json\/wp\/v2\/media?parent=1999"}],"curies":[{"name":"wp","href":"https:\/\/api.w.org\/{rel}","templated":true}]}}