{"id":19987,"date":"2021-01-26T13:58:35","date_gmt":"2021-01-26T13:59:02","guid":{"rendered":"https:\/\/evotek.md\/?post_type=product&#038;p=19987"},"modified":"2023-03-10T08:12:50","modified_gmt":"2023-03-10T08:12:50","slug":"dulap-congelator-din-inox-129-l-st-880176","status":"publish","type":"product","link":"https:\/\/evotek.md\/ro\/produse\/echipamente-frigorifice\/dulap-frigorific-congelare\/dulap-congelator-din-inox-129-l-st-880176\/","title":{"rendered":"DULAP CONGELATOR DIN INOX 129 l -ST-880176"},"content":{"rendered":"<p><strong>DULAP CONGELATOR DIN INOX 129 l -ST-880176- <\/strong>Congelatoarele sunt concepute pentru depozitarea produselor congelate care au nevoie de depozitare pe termen lung la temperaturi sub zero. Congelatoarele sunt utilizate \u00een magazinele alimentare, restaurante \u0219i alte \u00eentreprinderi de alimenta\u021bie public\u0103. Carcasa este realizat\u0103 din inox, c\u0103ptu\u0219it\u0103 \u00een ABS. Unitate silen\u021bioas\u0103, r\u0103cire static\u0103, 3 rafturi congelatoare, decongelare manual\u0103, unitate de control electronic cu afi\u0219are de temperatur\u0103, blocare cu cheie \u00eencorporat\u0103.<\/p>\n<p>Caracteristici<\/p>\n<p>Interval de temperatura de functionare: -10\u00b0C&#8230;-18\u00b0C<br \/>\nNumar de usi: 1<br \/>\nNumar de rafturi: 3<br \/>\nMaterial de productie: otel inoxidabil<br \/>\nVolum: 120 l<br \/>\nDimensiune recipiente Gastronorm: GN-2\/1<br \/>\nDezghe\u021bare: automat\u0103<br \/>\nTip usa: oarba, cu inchidere automata<br \/>\nTip de r\u0103cire: dinamic\u0103<br \/>\nGrosimea izola\u021biei: 60 mm<br \/>\nPutere: 0,11 kW<br \/>\nTensiune: 220V<br \/>\nTara de productie: Polonia<br \/>\nLatime: 600 mm<br \/>\nAd\u00e2ncime: 600 mm<br \/>\nInaltime: 850 mm<br \/>\nDimensiuni raft LxA: 485&#215;410 mm<br \/>\nGreutate: 29 kg<\/p>\n<p>&nbsp;<\/p>\n","protected":false},"excerpt":{"rendered":"<p>Dulap congelator cu o u\u0219\u0103, cu un volum de 129 litri. Interval de temperatura de functionare: -10\u00b0C&#8230;-18\u00b0C; Numar de rafturi: 3; Material de productie: otel inoxidabil; Volum: 120 l; Dimensiune recipiente Gastronorm: GN-2\/1; Dezghe\u021bare: automat\u0103; Tip usa: oarba, cu inchidere automata; Tip de r\u0103cire: dinamic\u0103; Grosimea izola\u021biei: 60 mm; Putere: 0,11 kW; Tensiune: 220V; Tara de productie: Polonia; Latime: 600 mm; Ad\u00e2ncime: 600 mm; Inaltime: 850 mm; Dimensiuni raft LxA: 485&#215;410 mm; Greutate: 29 kg.<\/p>\n","protected":false},"featured_media":19986,"template":"","meta":[],"_links":{"self":[{"href":"https:\/\/evotek.md\/ro\/wp-json\/wp\/v2\/product\/19987"}],"collection":[{"href":"https:\/\/evotek.md\/ro\/wp-json\/wp\/v2\/product"}],"about":[{"href":"https:\/\/evotek.md\/ro\/wp-json\/wp\/v2\/types\/product"}],"wp:featuredmedia":[{"embeddable":true,"href":"https:\/\/evotek.md\/ro\/wp-json\/wp\/v2\/media\/19986"}],"wp:attachment":[{"href":"https:\/\/evotek.md\/ro\/wp-json\/wp\/v2\/media?parent=19987"}],"curies":[{"name":"wp","href":"https:\/\/api.w.org\/{rel}","templated":true}]}}