{"id":19982,"date":"2021-01-26T13:50:59","date_gmt":"2021-01-26T13:50:59","guid":{"rendered":"https:\/\/evotek.md\/?post_type=product&#038;p=19982"},"modified":"2021-01-26T13:50:59","modified_gmt":"2021-01-26T13:50:59","slug":"dulap-frigorific-din-inox-129-l-st-880175","status":"publish","type":"product","link":"https:\/\/evotek.md\/ro\/produse\/echipamente-frigorifice\/dulapuri-frigorifice\/dulap-frigorific-din-inox-129-l-st-880175\/","title":{"rendered":"DULAP FRIGORIFIC DIN INOX 129 l -ST-880175"},"content":{"rendered":"<p><strong>DULAP FRIGORIFIC DIN INOX 129 l -ST-<\/strong><strong>880175<\/strong><strong>&#8211; <\/strong>Dulapurile frigorifice sunt concepute pentru depozitarea alimentelor \u0219i a produselor semifabricate. Corpul este confec\u021bionat inox, c\u0103ptu\u0219it \u00een ABS. Unitate silen\u021bioas\u0103, circula\u021bie for\u021bat\u0103 a aerului \u00een compartimentul frigiderului, evaporare automat\u0103 a condensului, decongelare automat\u0103, unitate de control electronic cu afi\u0219are de temperatur\u0103, blocare cu cheie \u00eencorporat\u0103.<\/p>\n<p>Caracteristici<\/p>\n<p>Rafturi: 3 buc. dimensiune: 502\u0445440 mm, 1 buc. dimensiune: 502&#215;211<\/p>\n<p>Consum de energie: 409 kWh \/ an<\/p>\n<p>Volum: 129 l<\/p>\n<p>Tensiune: 230 V<\/p>\n<p>Putere: 0,1 kW<\/p>\n<p>Dimensiuni: 600\u0445585\u0445855 mm<\/p>\n<p>Intervalul de temperatur\u0103: 0 &#8230; + 8 \u00b0 \u0421<\/p>\n<p>&nbsp;<\/p>\n<p>&nbsp;<\/p>\n","protected":false},"excerpt":{"rendered":"<p>Dulap frigorific din inox, cu un volum de 129 litri. Rafturi: 3 buc. dimensiune: 502\u0445440 mm, 1 buc. dimensiune: 502&#215;211; Consum de energie: 409 kWh \/ an; Volum: 129 l; Tensiune: 230 V; Putere: 0,1 kW; Dimensiuni: 600\u0445585\u0445855 mm; Intervalul de temperatur\u0103: 0 &#8230; + 8 \u00b0 \u0421.<\/p>\n","protected":false},"featured_media":19981,"template":"","meta":[],"_links":{"self":[{"href":"https:\/\/evotek.md\/ro\/wp-json\/wp\/v2\/product\/19982"}],"collection":[{"href":"https:\/\/evotek.md\/ro\/wp-json\/wp\/v2\/product"}],"about":[{"href":"https:\/\/evotek.md\/ro\/wp-json\/wp\/v2\/types\/product"}],"wp:featuredmedia":[{"embeddable":true,"href":"https:\/\/evotek.md\/ro\/wp-json\/wp\/v2\/media\/19981"}],"wp:attachment":[{"href":"https:\/\/evotek.md\/ro\/wp-json\/wp\/v2\/media?parent=19982"}],"curies":[{"name":"wp","href":"https:\/\/api.w.org\/{rel}","templated":true}]}}