{"id":19967,"date":"2021-01-26T13:06:23","date_gmt":"2021-01-26T13:06:23","guid":{"rendered":"https:\/\/evotek.md\/?post_type=product&#038;p=19967"},"modified":"2021-01-26T13:06:23","modified_gmt":"2021-01-26T13:06:23","slug":"dulap-congelator-din-inox-620-l-st-880603","status":"publish","type":"product","link":"https:\/\/evotek.md\/ro\/produse\/echipamente-frigorifice\/dulap-frigorific-congelare\/dulap-congelator-din-inox-620-l-st-880603\/","title":{"rendered":"DULAP CONGELATOR DIN INOX 620 l -ST-880603"},"content":{"rendered":"<p><strong>DULAP CONGELATOR DIN INOX 620 l -ST-880603- <\/strong>Congelatoarele sunt concepute pentru depozitarea produselor congelate care au nevoie de depozitare pe termen lung la temperaturi sub zero. Congelatoarele sunt utilizate \u00een magazinele alimentare, restaurante \u0219i alte \u00eentreprinderi de alimenta\u021bie public\u0103. Carcasa este realizat\u0103 din inox, c\u0103ptu\u0219it\u0103 \u00een ABS. Unitate silen\u021bioas\u0103, r\u0103cire static\u0103, 3 rafturi congelatoare, decongelare manual\u0103, unitate de control electronic cu afi\u0219are de temperatur\u0103, blocare cu cheie \u00eencorporat\u0103.<\/p>\n<p>Caracteristici<\/p>\n<p>3 rafturi 655\u0445515 mm<\/p>\n<p>Consumul de energie: 989 kWh \/ an<\/p>\n<p>Volumul: 620 l<\/p>\n<p>Tensiune: 230 V<\/p>\n<p>Putere: 0,3 kw<\/p>\n<p>Dimensiuni generale: 775\u0445695\u04451900 mm<\/p>\n<p>Interval de temperatur\u0103: -10 &#8230;- 18 \u00b0 \u0421<\/p>\n<p>&nbsp;<\/p>\n","protected":false},"excerpt":{"rendered":"<p>Dulap congelator cu o u\u0219\u0103, cu un volum de 620 litri. 3 rafturi 655\u0445515 mm; Consumul de energie: 989 kWh \/ an; Volumul: 620 l; Tensiune: 230 V; Putere: 0,3 kw; Dimensiuni generale: 775\u0445695\u04451900 mm; Interval de temperatur\u0103: -10 &#8230;- 18 \u00b0 \u0421.<\/p>\n","protected":false},"featured_media":19963,"template":"","meta":[],"_links":{"self":[{"href":"https:\/\/evotek.md\/ro\/wp-json\/wp\/v2\/product\/19967"}],"collection":[{"href":"https:\/\/evotek.md\/ro\/wp-json\/wp\/v2\/product"}],"about":[{"href":"https:\/\/evotek.md\/ro\/wp-json\/wp\/v2\/types\/product"}],"wp:featuredmedia":[{"embeddable":true,"href":"https:\/\/evotek.md\/ro\/wp-json\/wp\/v2\/media\/19963"}],"wp:attachment":[{"href":"https:\/\/evotek.md\/ro\/wp-json\/wp\/v2\/media?parent=19967"}],"curies":[{"name":"wp","href":"https:\/\/api.w.org\/{rel}","templated":true}]}}