{"id":19959,"date":"2021-01-26T12:15:12","date_gmt":"2021-01-26T12:16:07","guid":{"rendered":"https:\/\/evotek.md\/?post_type=product&#038;p=19959"},"modified":"2024-12-12T11:00:23","modified_gmt":"2024-12-12T11:00:23","slug":"st-473012","status":"publish","type":"product","link":"https:\/\/evotek.md\/ro\/produse\/echipamente-pentru-bar-si-cafea\/storcatoare-manuale\/st-473012\/","title":{"rendered":"STORCATOR MANUAL DE CITRICE \u00d8120 mm -ST-473012"},"content":{"rendered":"<p><strong>STORCATOR MANUAL DE CITRICE \u00d8120 mm -ST-473012-<\/strong> Pres\u0103 mecanic\u0103 pentru citrice \u0219i rodie, de tip p\u00e2rghie vertical\u0103. \u00cen partea de mijloc este un con special cu g\u0103uri tehnologice, pe care este a\u0219ezat\u0103 o jum\u0103tate de rodie, portocal\u0103, l\u0103m\u00e2ie sau alte fructe citrice. Datorit\u0103 dispozitivului special de prindere, ac\u021bionat de m\u00e2ner, sucul este complet stors \u00een paharul de sub pres\u0103. Trebuie remarcat faptul c\u0103 coaja r\u0103mas\u0103 a produsului este practic uscat\u0103. Sucul este suficient de curat. Prezen\u021ba pulpei \u00een suc poate fi ajustat\u0103 prin for\u021ba stoarcerii produsului \u00een storc\u0103tor. Un avantaj important al acestui tip de storc\u0103tor este \u00eentre\u021binerea u\u0219oar\u0103, se spal\u0103 rapid. Conul \u0219i bolul pot fi \u00eendep\u0103rtate cu u\u0219urin\u021b\u0103 \u0219i sp\u0103late sub ap\u0103 curent\u0103. Detaliile pot fi sp\u0103late \u00een ma\u0219ina de sp\u0103lat vase. Picioarele de cauciuc ajut\u0103 la fixarea storcatorului pe mas\u0103, facilit\u00e2nd astfel lucrul. Conul \u0219i bolul sunt din inox. Carcasa din font\u0103, smal\u021b.<\/p>\n<p>Caracteristici<br \/>\nDimensiuni: 310x230x440 mm<br \/>\nGreutate: 6,00 kg<br \/>\nDiametrul conului: \u00d8120 mm<\/p>\n<p>&nbsp;<\/p>\n","protected":false},"excerpt":{"rendered":"<p>Pres\u0103 mecanic\u0103 pentru citrice \u0219i rodie. Dimensiuni: 310x230x440 mm; Greutate: 6,00 kg; Diametrul conului: \u00d8120 mm.<\/p>\n","protected":false},"featured_media":19958,"template":"","meta":[],"_links":{"self":[{"href":"https:\/\/evotek.md\/ro\/wp-json\/wp\/v2\/product\/19959"}],"collection":[{"href":"https:\/\/evotek.md\/ro\/wp-json\/wp\/v2\/product"}],"about":[{"href":"https:\/\/evotek.md\/ro\/wp-json\/wp\/v2\/types\/product"}],"wp:featuredmedia":[{"embeddable":true,"href":"https:\/\/evotek.md\/ro\/wp-json\/wp\/v2\/media\/19958"}],"wp:attachment":[{"href":"https:\/\/evotek.md\/ro\/wp-json\/wp\/v2\/media?parent=19959"}],"curies":[{"name":"wp","href":"https:\/\/api.w.org\/{rel}","templated":true}]}}