{"id":19934,"date":"2021-01-25T11:53:40","date_gmt":"2021-01-25T11:54:23","guid":{"rendered":"https:\/\/evotek.md\/?post_type=product&#038;p=19934"},"modified":"2023-03-09T10:09:50","modified_gmt":"2023-03-09T10:09:50","slug":"mixer-planetar-7-l-hkn-ks7","status":"publish","type":"product","link":"https:\/\/evotek.md\/ro\/produse\/echipamente-electromecanice\/mixer-planetar\/mixer-planetar-7-l-hkn-ks7\/","title":{"rendered":"MIXER PLANETAR, 7 LITRI (alb) -HKN-KS7"},"content":{"rendered":"<p><strong>MIXER PLANETAR, 7 LITRI (alb) -HKN-KS7- <\/strong>Mixer planetar cu un sistem de control electromecanic este utilizat pentru fr\u0103m\u00e2ntarea aluatului lichid, inclusiv crem\u0103, drojdie, biscui\u021bi \u0219i, de asemenea mixerul este utilizat pentru amestecarea cremelor. Mixerul planetar este utilizat pe scar\u0103 larg\u0103 \u00een toate tipurile de alimenta\u021bie public\u0103 \u0219i comer\u021b. Corpul recipientului pentru aluat este realizat din inoxcu un volum de 7 litri. Mixerul include un tel, c\u00e2rlig \u0219i spatul\u0103. Mixerul are un sistem de control al vitezei lin &#8211; de la 0 la 1000 rpm.<\/p>\n<p>Caracteristici<\/p>\n<p>Parametri: 380x235x405 mm<\/p>\n<p>Conexiune: 230 V<\/p>\n<p>Putere: 0,5 kW<\/p>\n<p>Greutate: 14,95 kg.<\/p>\n<p>&nbsp;<\/p>\n","protected":false},"excerpt":{"rendered":"<p>Mixer planetar de 7 litri cu sistem de control electromecanic. Parametri: 380x235x405 mm; Conexiune: 230 V; Putere: 0,5 kW; Greutate: 14,95 kg.<\/p>\n","protected":false},"featured_media":19933,"template":"","meta":[],"_links":{"self":[{"href":"https:\/\/evotek.md\/ro\/wp-json\/wp\/v2\/product\/19934"}],"collection":[{"href":"https:\/\/evotek.md\/ro\/wp-json\/wp\/v2\/product"}],"about":[{"href":"https:\/\/evotek.md\/ro\/wp-json\/wp\/v2\/types\/product"}],"wp:featuredmedia":[{"embeddable":true,"href":"https:\/\/evotek.md\/ro\/wp-json\/wp\/v2\/media\/19933"}],"wp:attachment":[{"href":"https:\/\/evotek.md\/ro\/wp-json\/wp\/v2\/media?parent=19934"}],"curies":[{"name":"wp","href":"https:\/\/api.w.org\/{rel}","templated":true}]}}