{"id":19908,"date":"2021-01-21T11:51:23","date_gmt":"2021-01-21T11:51:23","guid":{"rendered":"https:\/\/evotek.md\/?post_type=product&#038;p=19908"},"modified":"2021-01-21T11:51:23","modified_gmt":"2021-01-21T11:51:23","slug":"dulap-frigorific-hkn-bch40","status":"publish","type":"product","link":"https:\/\/evotek.md\/ro\/produse\/echipamente-frigorifice\/dulapuri-frigorifice\/dulap-frigorific-hkn-bch40\/","title":{"rendered":"DULAP FRIGORIFIC -HKN-BCH40"},"content":{"rendered":"<p><strong>DULAP FRIGORIFIC<\/strong> <strong>&#8211;<\/strong><strong>HKN-BCH40<\/strong><strong>&#8211; <\/strong>conceput pentru depozitarea alimentelor \u0219i b\u0103uturilor ceci \u00een cafenele, baruri, restaurante, hotele. Dulapul are r\u0103cire termoelectric\u0103. Acest model este echipat cu iluminare din spate, r\u0103cire termoelectric\u0103, termostat reglabil, 1 raft.<\/p>\n<p>Caracteristici<\/p>\n<p>Parametri: 405x443x545 mm<\/p>\n<p>Putere: 230 V \/ 0,07 kW (0,263 kW \/ 24 h)<\/p>\n<p>Greutate net\u0103: 13,20 kg<\/p>\n<p>Intervalul de temperatur\u0103: de la 0 la 8 \u00b0 \u0421<\/p>\n<p>&nbsp;<\/p>\n","protected":false},"excerpt":{"rendered":"<p>Volumul dulapului este de 40 de litri. Parametri: 405x443x545 mm; Putere: 230 V \/ 0,07 kW (0,263 kW \/ 24 h); Greutate net\u0103: 13,20 kg; Intervalul de temperatur\u0103: de la 0 la 8 \u00b0 \u0421.<\/p>\n","protected":false},"featured_media":19907,"template":"","meta":[],"_links":{"self":[{"href":"https:\/\/evotek.md\/ro\/wp-json\/wp\/v2\/product\/19908"}],"collection":[{"href":"https:\/\/evotek.md\/ro\/wp-json\/wp\/v2\/product"}],"about":[{"href":"https:\/\/evotek.md\/ro\/wp-json\/wp\/v2\/types\/product"}],"wp:featuredmedia":[{"embeddable":true,"href":"https:\/\/evotek.md\/ro\/wp-json\/wp\/v2\/media\/19907"}],"wp:attachment":[{"href":"https:\/\/evotek.md\/ro\/wp-json\/wp\/v2\/media?parent=19908"}],"curies":[{"name":"wp","href":"https:\/\/api.w.org\/{rel}","templated":true}]}}