{"id":19902,"date":"2021-01-21T11:02:32","date_gmt":"2021-01-21T11:02:32","guid":{"rendered":"https:\/\/evotek.md\/?post_type=product&#038;p=19902"},"modified":"2021-01-21T11:02:32","modified_gmt":"2021-01-21T11:02:32","slug":"dulap-congelator-1300-l-hkn-gx1410bt","status":"publish","type":"product","link":"https:\/\/evotek.md\/ro\/produse\/echipamente-frigorifice\/dulap-frigorific-congelare\/dulap-congelator-1300-l-hkn-gx1410bt\/","title":{"rendered":"DULAP CONGELATOR 1300 l -HKN-GX1410BT"},"content":{"rendered":"<p><strong>DULAP CONGELATOR<\/strong> <strong>1300 l<\/strong><strong> -HKN-GX1410BT<\/strong>&#8211; Dulapul congelator pe ro\u021bi este conceput pentru depozitarea produselor alimentare \u0219i a semifabricatelor. Dulapul este fabricat \u00een conformitate cu reglement\u0103ri \u0219i standarde stricte stabilite de autorit\u0103\u021bile interna\u021bionale, independente \u0219i federale.<\/p>\n<p>Caracteristici<\/p>\n<p>Volumul dulapului: 1300 litri<\/p>\n<p>Interval de temperatur\u0103: de la -18 p\u00e2n\u0103 la -22 C<\/p>\n<p>Dimensiuni: 1480\u0445830\u04452010 mm<\/p>\n<p>Putere 0,78 kW<\/p>\n<p>Dulapul are trei rafturi pentru containerele: GN 2\/1 GN<\/p>\n<p>Agent frigorific: R290<\/p>\n<p>Greutate: 201 kg<\/p>\n<p>&nbsp;<\/p>\n<p>&nbsp;<\/p>\n","protected":false},"excerpt":{"rendered":"<p>Dulap congelator pe ro\u021bi, cu un volum de 1300 litri. Interval de temperatur\u0103: de la -18 p\u00e2n\u0103 la -22 C; Dimensiuni: 1480\u0445830\u04452010 mm; Putere 0,78 kW; Dulapul are trei rafturi pentru containerele: GN 2\/1 GN; Agent frigorific: R290; Greutate: 201 kg.<\/p>\n","protected":false},"featured_media":19901,"template":"","meta":[],"_links":{"self":[{"href":"https:\/\/evotek.md\/ro\/wp-json\/wp\/v2\/product\/19902"}],"collection":[{"href":"https:\/\/evotek.md\/ro\/wp-json\/wp\/v2\/product"}],"about":[{"href":"https:\/\/evotek.md\/ro\/wp-json\/wp\/v2\/types\/product"}],"wp:featuredmedia":[{"embeddable":true,"href":"https:\/\/evotek.md\/ro\/wp-json\/wp\/v2\/media\/19901"}],"wp:attachment":[{"href":"https:\/\/evotek.md\/ro\/wp-json\/wp\/v2\/media?parent=19902"}],"curies":[{"name":"wp","href":"https:\/\/api.w.org\/{rel}","templated":true}]}}