{"id":19699,"date":"2020-12-07T14:31:12","date_gmt":"2020-12-07T14:32:01","guid":{"rendered":"https:\/\/evotek.md\/?post_type=product&#038;p=19699"},"modified":"2023-02-07T15:28:52","modified_gmt":"2023-02-07T15:28:52","slug":"masina-de-curatat-cartofi-cu-filtru-20-kg-380-v-ps-08-f","status":"publish","type":"product","link":"https:\/\/evotek.md\/ro\/produse\/echipamente-electromecanice\/masina-de-curatat-cartofi\/masina-de-curatat-cartofi-cu-filtru-20-kg-380-v-ps-08-f\/","title":{"rendered":"MASINA DE CURATAT CARTOFI CU FILTRU 20 kg (380 V) -PS.08-F"},"content":{"rendered":"<p><strong>MASINA DE CURATAT CARTOFI CU FILTRU 20 kg (380 V) -PS.08-F-<\/strong> ma\u0219in\u0103 profesional\u0103 de cur\u0103\u021bat cartofi, cu carcasa din inox. Cu ajutorul ei pute\u021bi cur\u0103\u021ba u\u0219or cartofii, morcovii \u0219i sfecla. Aceast\u0103 ma\u0219in\u0103 v\u0103 permite s\u0103 economisi\u021bi timpul c\u00e2nd g\u0103ti\u021bi. Ea este u\u0219or de cur\u0103\u021bat. \u00cen plus, st\u0103 pe patru picioare de cauciuc, deci este protejat\u0103 impotriva alunec\u0103rii \u00een timpul lucrului. Placa rotativ\u0103 deta\u0219abil\u0103 \u0219i corpul sunt acoperite cu abraziv durabil. Echipat cu temporizator \u0219i panou de control.<\/p>\n<p>Caracteristici<\/p>\n<p>Productivitate: 20 kg<\/p>\n<p>Putere motor: 0,75 kW 900 rpm<\/p>\n<p>Parametri: 520x833x1368 mm<\/p>\n<p>Conexiune: 380 V<\/p>\n<p>Timp de cur\u0103\u021bare: 1-2 minute<\/p>\n<p>Carcas\u0103 din inox<\/p>\n<p>Greutate: 60 kg<\/p>\n<p>&nbsp;<\/p>\n","protected":false},"excerpt":{"rendered":"<p>Ma\u0219in\u0103 de cur\u0103\u021bat cartofi, cu filtru, cu o capacitate de 20 kg. Putere motor: 0,75 kW 900 rpm; Parametri: 520x833x1368 mm; Conexiune: 380 V; Timp de cur\u0103\u021bare: 1-2 minute; Carcas\u0103 din inox; Greutate: 60 kg.<\/p>\n<p>&nbsp;<\/p>\n","protected":false},"featured_media":19691,"template":"","meta":[],"_links":{"self":[{"href":"https:\/\/evotek.md\/ro\/wp-json\/wp\/v2\/product\/19699"}],"collection":[{"href":"https:\/\/evotek.md\/ro\/wp-json\/wp\/v2\/product"}],"about":[{"href":"https:\/\/evotek.md\/ro\/wp-json\/wp\/v2\/types\/product"}],"wp:featuredmedia":[{"embeddable":true,"href":"https:\/\/evotek.md\/ro\/wp-json\/wp\/v2\/media\/19691"}],"wp:attachment":[{"href":"https:\/\/evotek.md\/ro\/wp-json\/wp\/v2\/media?parent=19699"}],"curies":[{"name":"wp","href":"https:\/\/api.w.org\/{rel}","templated":true}]}}