{"id":1969,"date":"2020-02-14T13:47:52","date_gmt":"2020-02-14T13:49:19","guid":{"rendered":"https:\/\/evotek.md\/?post_type=product&#038;p=1969"},"modified":"2023-02-28T15:12:24","modified_gmt":"2023-02-28T15:12:24","slug":"friteuza-electrica-profesionala-f4070e-700","status":"publish","type":"product","link":"https:\/\/evotek.md\/ro\/produse\/echipamente-pentru-fast-food\/friteuze-2\/friteuza-electrica-profesionala-f4070e-700\/","title":{"rendered":"FRITEUZA ELECTRICA, 13 LITRI -F4070E 700"},"content":{"rendered":"<p><strong>FRITEUZA ELECTRICA, 13 LITRI -F4070E 700- <\/strong>este folosit\u0103 pentru produsele alimentare. Carcasa echipamentului este din inox. Procesul de g\u0103tit are loc la o temperatur\u0103 de 110-180 C. Principalul domeniu de utilizare a friteuzelor profesionale sunt restaurantele fast-food.<\/p>\n<p>Caracteristici<\/p>\n<p>Capacitate: 13 L<\/p>\n<p>Tensiune: 400 V<\/p>\n<p>Temperatur\u0103: 180 C<\/p>\n<p>Putere: 9 kW<\/p>\n<p>Parametri: 400\u0445700\u0445290 mm<\/p>\n<p>Greutate net\u0103: 20 kg<\/p>\n","protected":false},"excerpt":{"rendered":"<p>Friteuz\u0103 electric\u0103 profesional\u0103 cu capacitatea de 13 litri. Tensiune: 400 V; Temperatur\u0103: 180 C; Putere: 9 kW; Parametri: 400\u0445700\u0445290 mm; Greutate net\u0103: 20 kg.<\/p>\n","protected":false},"featured_media":1968,"template":"","meta":[],"_links":{"self":[{"href":"https:\/\/evotek.md\/ro\/wp-json\/wp\/v2\/product\/1969"}],"collection":[{"href":"https:\/\/evotek.md\/ro\/wp-json\/wp\/v2\/product"}],"about":[{"href":"https:\/\/evotek.md\/ro\/wp-json\/wp\/v2\/types\/product"}],"wp:featuredmedia":[{"embeddable":true,"href":"https:\/\/evotek.md\/ro\/wp-json\/wp\/v2\/media\/1968"}],"wp:attachment":[{"href":"https:\/\/evotek.md\/ro\/wp-json\/wp\/v2\/media?parent=1969"}],"curies":[{"name":"wp","href":"https:\/\/api.w.org\/{rel}","templated":true}]}}