{"id":19679,"date":"2020-12-07T13:31:07","date_gmt":"2020-12-07T13:31:46","guid":{"rendered":"https:\/\/evotek.md\/?post_type=product&#038;p=19679"},"modified":"2023-02-07T15:38:27","modified_gmt":"2023-02-07T15:38:27","slug":"masina-de-curatat-cartofi-20-kg-220-v-ps-07","status":"publish","type":"product","link":"https:\/\/evotek.md\/ro\/produse\/echipamente-electromecanice\/masina-de-curatat-cartofi\/masina-de-curatat-cartofi-20-kg-220-v-ps-07\/","title":{"rendered":"MASINA DE CURATAT CARTOFI 20 kg (220 V) -PS.07"},"content":{"rendered":"<p><strong>MASINA DE CURATAT CARTOFI 20 kg (220 V) -PS.07-<\/strong> ma\u0219in\u0103 profesional\u0103 de cur\u0103\u021bat cartofi, cu carcasa din inox. Cu ajutorul ei pute\u021bi cur\u0103\u021ba u\u0219or cartofii, morcovii \u0219i sfecla. Aceast\u0103 ma\u0219in\u0103 v\u0103 permite s\u0103 economisi\u021bi timpul c\u00e2nd g\u0103ti\u021bi. Ea este u\u0219or de cur\u0103\u021bat. \u00cen plus, st\u0103 pe patru picioare de cauciuc, deci este protejat\u0103 impotriva alunec\u0103rii \u00een timpul lucrului. Placa rotativ\u0103 deta\u0219abil\u0103 \u0219i corpul sunt acoperite cu abraziv durabil. Echipat cu temporizator \u0219i panou de control.<\/p>\n<p>Caracteristici<\/p>\n<p>Productivitate: 20 kg<\/p>\n<p>Putere motor: 0,75 \u00a0kW 900 rpm<\/p>\n<p>Parametri: 522x800x1068 mm<\/p>\n<p>Conexiune: 220 V<\/p>\n<p>Dimensiunele carcasei din inox: 500&#215;400 mm<\/p>\n<p>Timp de cur\u0103\u021bare: 1-2 minute<\/p>\n<p>Carcas\u0103 din inox<\/p>\n<p>Greutate: 53 kg<\/p>\n<p>&nbsp;<\/p>\n","protected":false},"excerpt":{"rendered":"<p>Ma\u0219in\u0103 de cur\u0103\u021bat cartofi cu o capacitate de 20 kg. Putere motor: 0,75 \u00a0kW 900 rpm; Parametri: 522x800x1068 mm; Conexiune: 220 V; Dimensiunele carcasei din inox: 500&#215;400 mm; Timp de cur\u0103\u021bare: 1-2 minute; Carcas\u0103 din inox; Greutate: 53 kg.<\/p>\n","protected":false},"featured_media":19670,"template":"","meta":[],"_links":{"self":[{"href":"https:\/\/evotek.md\/ro\/wp-json\/wp\/v2\/product\/19679"}],"collection":[{"href":"https:\/\/evotek.md\/ro\/wp-json\/wp\/v2\/product"}],"about":[{"href":"https:\/\/evotek.md\/ro\/wp-json\/wp\/v2\/types\/product"}],"wp:featuredmedia":[{"embeddable":true,"href":"https:\/\/evotek.md\/ro\/wp-json\/wp\/v2\/media\/19670"}],"wp:attachment":[{"href":"https:\/\/evotek.md\/ro\/wp-json\/wp\/v2\/media?parent=19679"}],"curies":[{"name":"wp","href":"https:\/\/api.w.org\/{rel}","templated":true}]}}