{"id":19666,"date":"2020-12-07T12:14:38","date_gmt":"2020-12-07T12:16:24","guid":{"rendered":"https:\/\/evotek.md\/?post_type=product&#038;p=19666"},"modified":"2023-03-03T15:19:36","modified_gmt":"2023-03-03T15:19:36","slug":"masa-frigorifica-pentru-pizza-270-l-plm2-22g-pizza","status":"publish","type":"product","link":"https:\/\/evotek.md\/ro\/produse\/echipamente-frigorifice\/masa-frigider-pentru-pizza\/masa-frigorifica-pentru-pizza-270-l-plm2-22g-pizza\/","title":{"rendered":"MASA FRIGORIFICA CU BLAT DIN GRANIT, 4 SERTARE, 270 LITRI -PLM2-22G"},"content":{"rendered":"<p><strong>MASA FRIGORIFICA CU BLAT DIN GRANIT, 4 SERTARE, 270 LITRI -PLM2-22G- <\/strong>Mas\u0103 frigorific\u0103 pentru pizza. Gama de temperatur\u0103 de func\u021bionare de la +1 la +10 \u00b0 C. Sistemul de r\u0103cire dinamic\u0103 garanteaz\u0103 o r\u0103cire uniform\u0103 a alimentelor. Unitatea frigorific\u0103 cu dou\u0103 nivele este situat\u0103 \u00eentr-un compartiment \u00eengust \u0219i se extinde complet pentru o \u00eentre\u021binere u\u0219oar\u0103. Tabelele corespund clasei de protec\u021bie a aparatelor electrice. Materialul carcasei interioare \u0219i exterioare sunt din inox. U\u0219ile cu spum\u0103 poliuretanic\u0103 termoizolant\u0103 sunt fabricate din inox. Blatul mesei este realizat din granit natural.<\/p>\n<p>Caracteristici<\/p>\n<p>Num\u0103r sertare: 4 buc<\/p>\n<p>Parametri: 1200x705x850\/1000 mm<\/p>\n<p>Putere: 0,35 kW<\/p>\n<p>Greutate net\u0103: 160 kg<\/p>\n<p>Agent frigorific: R134a<\/p>\n<p>Grosimea mesei 40 mm, \u00een\u0103l\u021bimea lateral\u0103 150 mm<\/p>\n<p>&nbsp;<\/p>\n","protected":false},"excerpt":{"rendered":"<p>Mas\u0103 frigorific\u0103 pentru pizza cu blat din granit, capacitatea 270 l. Num\u0103r sertare: 4 buc; Parametri: 1200x705x850\/1000 mm; Putere: 0,35 kW; Greutate net\u0103: 160 kg; Agent frigorific: R134a; Grosimea mesei 40 mm, \u00een\u0103l\u021bimea lateral\u0103 150 mm.<\/p>\n","protected":false},"featured_media":19665,"template":"","meta":[],"_links":{"self":[{"href":"https:\/\/evotek.md\/ro\/wp-json\/wp\/v2\/product\/19666"}],"collection":[{"href":"https:\/\/evotek.md\/ro\/wp-json\/wp\/v2\/product"}],"about":[{"href":"https:\/\/evotek.md\/ro\/wp-json\/wp\/v2\/types\/product"}],"wp:featuredmedia":[{"embeddable":true,"href":"https:\/\/evotek.md\/ro\/wp-json\/wp\/v2\/media\/19665"}],"wp:attachment":[{"href":"https:\/\/evotek.md\/ro\/wp-json\/wp\/v2\/media?parent=19666"}],"curies":[{"name":"wp","href":"https:\/\/api.w.org\/{rel}","templated":true}]}}