{"id":1964,"date":"2020-02-14T13:42:46","date_gmt":"2020-02-14T13:45:28","guid":{"rendered":"https:\/\/evotek.md\/?post_type=product&#038;p=1964"},"modified":"2023-02-28T14:58:50","modified_gmt":"2023-02-28T14:58:50","slug":"friteuza-electrica-profesionala-f6060e-600","status":"publish","type":"product","link":"https:\/\/evotek.md\/ro\/produse\/echipamente-pentru-fast-food\/friteuze-2\/friteuza-electrica-profesionala-f6060e-600\/","title":{"rendered":"FRITEUZA ELECTRICA, 12+12 LITRI -F6060E 600"},"content":{"rendered":"<p><strong>FRITEUZA ELECTRICA, 12+12 LITRI -F6060E 600- <\/strong>este folosit\u0103 pentru produsele alimentare. Carcasa echipamentului este din inox. Procesul de g\u0103tit are loc la o temperatur\u0103 de 110-180 C. Principalul domeniu de utilizare a friteuzelor profesionale sunt restaurantele fast-food.<\/p>\n<p>Caracteristici<\/p>\n<p>Capacitate: 12+12 L<\/p>\n<p>Tensiune: 400 V<\/p>\n<p>Temperatur\u0103: 110 &#8211; 180 C<\/p>\n<p>Putere: 18 kW<\/p>\n<p>Parametri: 60\u044560\u044529 mm<\/p>\n<p>Greutate net\u0103: 32 kg<\/p>\n","protected":false},"excerpt":{"rendered":"<p>Friteuz\u0103 electric\u0103 profesional\u0103 cu capacitatea de 12 + 12 litri. Tensiune: 400 V; Temperatur\u0103: 110-180 C; Putere: 18 kW; Parametri: 60\u044560\u044529 mm<\/p>\n","protected":false},"featured_media":1963,"template":"","meta":[],"_links":{"self":[{"href":"https:\/\/evotek.md\/ro\/wp-json\/wp\/v2\/product\/1964"}],"collection":[{"href":"https:\/\/evotek.md\/ro\/wp-json\/wp\/v2\/product"}],"about":[{"href":"https:\/\/evotek.md\/ro\/wp-json\/wp\/v2\/types\/product"}],"wp:featuredmedia":[{"embeddable":true,"href":"https:\/\/evotek.md\/ro\/wp-json\/wp\/v2\/media\/1963"}],"wp:attachment":[{"href":"https:\/\/evotek.md\/ro\/wp-json\/wp\/v2\/media?parent=1964"}],"curies":[{"name":"wp","href":"https:\/\/api.w.org\/{rel}","templated":true}]}}