{"id":19632,"date":"2020-12-07T09:01:40","date_gmt":"2020-12-07T09:03:18","guid":{"rendered":"https:\/\/evotek.md\/?post_type=product&#038;p=19632"},"modified":"2023-03-03T15:05:17","modified_gmt":"2023-03-03T15:05:17","slug":"masa-frigorifica-402-l-hkn-pzlgv3","status":"publish","type":"product","link":"https:\/\/evotek.md\/ro\/produse\/echipamente-frigorifice\/masa-frigider-pentru-pizza\/masa-frigorifica-402-l-hkn-pzlgv3\/","title":{"rendered":"MASA FRIGORIFICA CU BLAT DIN GRANIT SI SALADETA, 3 USI, 402 LITRI -HKN-PZLGV3"},"content":{"rendered":"<p><strong>MASA FRIGORIFICA CU BLAT DIN GRANIT SI SALADETA, 3 USI, 402 LITRI -HKN-PZLGV3-<\/strong> \u00a0Masa frigorific\u0103 este conceput pentru a asigura siguran\u021ba \u0219i prospe\u021bimea ingredientelor pentru aperitive reci \u0219i salate. Datorit\u0103 designului convenabil, tot ce ave\u021bi nevoie pentru g\u0103tit este \u00eentotdeauna la \u00eendem\u00e2n\u0103. Masa este fabricat\u0103 \u00een conformitate cu standarde stricte.<\/p>\n<p>Caracteristici<\/p>\n<p>Intervalul de temperatur\u0103 de la +2 la +8 \u0421<\/p>\n<p>Parametri: 1365\u0445700\u04451075 mm<\/p>\n<p>Putere: 0, 24 kW<\/p>\n<p>Agent frigorific R290<\/p>\n<p>Greutate net\u0103: 166 kg<\/p>\n<p>&nbsp;<\/p>\n<p>&nbsp;<\/p>\n","protected":false},"excerpt":{"rendered":"<p>Masa frigorifica cu volumul de 402 litri. Intervalul de temperatur\u0103 de la +2 la +8 \u0421; Parametri: 1365\u0445700\u04451075 mm; Putere: 0, 24 kW; Agent frigorific R290; Greutate net\u0103: 166 kg.<\/p>\n","protected":false},"featured_media":19631,"template":"","meta":[],"_links":{"self":[{"href":"https:\/\/evotek.md\/ro\/wp-json\/wp\/v2\/product\/19632"}],"collection":[{"href":"https:\/\/evotek.md\/ro\/wp-json\/wp\/v2\/product"}],"about":[{"href":"https:\/\/evotek.md\/ro\/wp-json\/wp\/v2\/types\/product"}],"wp:featuredmedia":[{"embeddable":true,"href":"https:\/\/evotek.md\/ro\/wp-json\/wp\/v2\/media\/19631"}],"wp:attachment":[{"href":"https:\/\/evotek.md\/ro\/wp-json\/wp\/v2\/media?parent=19632"}],"curies":[{"name":"wp","href":"https:\/\/api.w.org\/{rel}","templated":true}]}}