{"id":19623,"date":"2020-12-07T08:33:22","date_gmt":"2020-12-07T08:38:39","guid":{"rendered":"https:\/\/evotek.md\/?post_type=product&#038;p=19623"},"modified":"2023-03-06T12:25:57","modified_gmt":"2023-03-06T12:25:57","slug":"masa-frigorifica-220-l-hkn-gnl2tn-22","status":"publish","type":"product","link":"https:\/\/evotek.md\/ro\/produse\/echipamente-frigorifice\/masa-frigider\/masa-frigorifica-220-l-hkn-gnl2tn-22\/","title":{"rendered":"MASA FRIGORIFICA, 4 SERTARE, 240 LITRI -HKN-GNL2TN-22"},"content":{"rendered":"<p><strong>MASA FRIGORIFICA, 4 SERTARE, 240 LITRI -HKN-GNL2TN-22-<\/strong> \u00a0Masa frigorific\u0103 este conceput pentru a asigura siguran\u021ba \u0219i prospe\u021bimea ingredientelor pentru aperitive reci \u0219i salate. Datorit\u0103 designului convenabil, tot ce ave\u021bi nevoie pentru g\u0103tit este \u00eentotdeauna la \u00eendem\u00e2n\u0103. Masa este fabricat\u0103 \u00een conformitate cu standarde stricte.<\/p>\n<p>Caracteristici<\/p>\n<p>Intervalul de temperatur\u0103 de la +2 la +8 \u0421<\/p>\n<p>Parametri: 900\u0445700\u0445850 mm<\/p>\n<p>Dimensiuni sertar: 304x537x90 mm<\/p>\n<p>Ad\u00e2ncimea sertarului: 525 mm<\/p>\n<p>Putere: 0,17 kW<\/p>\n<p>Agent frigorific R600a<\/p>\n<p>Greutate net\u0103: 101 kg<\/p>\n<p>&nbsp;<\/p>\n","protected":false},"excerpt":{"rendered":"<p>Masa frigorifica cu volumul de 220 litri. Intervalul de temperatur\u0103 de la +2 la +8 \u0421; Parametri: 900\u0445700\u0445850 mm; Dimensiuni sertar: 304x537x90 mm; Ad\u00e2ncimea sertarului: 525 mm; Putere: 0,17 kW; Agent frigorific R600a; Greutate net\u0103: 101 kg.<\/p>\n","protected":false},"featured_media":19622,"template":"","meta":[],"_links":{"self":[{"href":"https:\/\/evotek.md\/ro\/wp-json\/wp\/v2\/product\/19623"}],"collection":[{"href":"https:\/\/evotek.md\/ro\/wp-json\/wp\/v2\/product"}],"about":[{"href":"https:\/\/evotek.md\/ro\/wp-json\/wp\/v2\/types\/product"}],"wp:featuredmedia":[{"embeddable":true,"href":"https:\/\/evotek.md\/ro\/wp-json\/wp\/v2\/media\/19622"}],"wp:attachment":[{"href":"https:\/\/evotek.md\/ro\/wp-json\/wp\/v2\/media?parent=19623"}],"curies":[{"name":"wp","href":"https:\/\/api.w.org\/{rel}","templated":true}]}}