{"id":19613,"date":"2020-12-04T13:53:15","date_gmt":"2020-12-04T13:53:15","guid":{"rendered":"https:\/\/evotek.md\/?post_type=product&#038;p=19613"},"modified":"2021-01-25T13:13:36","modified_gmt":"2021-01-25T13:13:36","slug":"mini-vitrina-frigorifica-235-l-alba-m-09400815","status":"publish","type":"product","link":"https:\/\/evotek.md\/ro\/produse\/echipamente-frigorifice\/mini-vitrine-frigorifice\/mini-vitrina-frigorifica-235-l-alba-m-09400815\/","title":{"rendered":"MINI-VITRIN\u0102 FRIGORIFIC\u0102 235 L ALB\u0102 -M-09400815"},"content":{"rendered":"<p><strong>MINI-VITRIN\u0102 FRIGORIFIC\u0102 235 L ALB\u0102 -M-09400815- <\/strong>Mini-vitrin\u0103 frigorifica pentru magazine, baruri \u0219i cafenele. Are capacitatea de a regla temperatura folosind un termostat digital Dixell. \u00cen plus, aceast\u0103 r\u0103cire are func\u021bia de blocare. Carcas\u0103 robust\u0103 din plastic, cu ferestre drepte din sticl\u0103 \u0219i patru rafturi grilate.<\/p>\n<p>Caracteristici<\/p>\n<p>R\u0103cirea ventilatorului<\/p>\n<p>Cicl de r\u0103cire unic pentru a reduce formarea de ghea\u021b\u0103<\/p>\n<p>Lumini LED \u00een interior<\/p>\n<p>Agent frigorific R600a \/ f\u0103r\u0103 CFC<\/p>\n<p>Controler digital de temperatur\u0103 Dixell<\/p>\n<p>Temperatura de la 0 \u00b0 la + 12 \u00b0 Celsius<\/p>\n<p>Greutate net\u0103: 76 kg<\/p>\n<p>Dimensiuni exterioare: 515x485x1690 mm<\/p>\n<p>Conexiune: 230 V \/ 50 Hz \/ 1 faz\u0103 250 W<\/p>\n<p>&nbsp;<\/p>\n","protected":false},"excerpt":{"rendered":"<p>Mini-vitrin\u0103 frigorifica la 235 de litri. R\u0103cirea ventilatorului; Cicl de r\u0103cire unic pentru a reduce formarea de ghea\u021b\u0103; Lumini LED \u00een interior; Agent frigorific R600a \/ f\u0103r\u0103 CFC; Controler digital de temperatur\u0103 Dixell; Temperatura de la 0 \u00b0 la + 12 \u00b0 Celsius; Greutate net\u0103: 76 kg; Dimensiuni exterioare: 515x485x1690 mm; Conexiune: 230 V \/ 50 Hz \/ 1 faz\u0103 250 W.<\/p>\n","protected":false},"featured_media":19604,"template":"","meta":[],"_links":{"self":[{"href":"https:\/\/evotek.md\/ro\/wp-json\/wp\/v2\/product\/19613"}],"collection":[{"href":"https:\/\/evotek.md\/ro\/wp-json\/wp\/v2\/product"}],"about":[{"href":"https:\/\/evotek.md\/ro\/wp-json\/wp\/v2\/types\/product"}],"wp:featuredmedia":[{"embeddable":true,"href":"https:\/\/evotek.md\/ro\/wp-json\/wp\/v2\/media\/19604"}],"wp:attachment":[{"href":"https:\/\/evotek.md\/ro\/wp-json\/wp\/v2\/media?parent=19613"}],"curies":[{"name":"wp","href":"https:\/\/api.w.org\/{rel}","templated":true}]}}