{"id":19587,"date":"2020-12-04T13:34:48","date_gmt":"2020-12-04T13:34:48","guid":{"rendered":"https:\/\/evotek.md\/?post_type=product&#038;p=19587"},"modified":"2020-12-04T13:35:55","modified_gmt":"2020-12-04T13:35:55","slug":"mini-vitrina-frigorifica-98-l-alba-m-09400810","status":"publish","type":"product","link":"https:\/\/evotek.md\/ro\/produse\/echipamente-frigorifice\/mini-vitrine-frigorifice\/mini-vitrina-frigorifica-98-l-alba-m-09400810\/","title":{"rendered":"MINI-VITRIN\u0102 FRIGORIFIC\u0102 98 L ALB\u0102 -M-09400810"},"content":{"rendered":"<p><strong>MINI-VITRIN\u0102 FRIGORIFIC\u0102 98 L ALB\u0102 -M-09400810- <\/strong>Mini-vitrin\u0103 frigorifica pentru magazine, baruri \u0219i cafenele. Are capacitatea de a regla temperatura folosind un termostat digital Dixell. \u00cen plus, aceast\u0103 r\u0103cire are func\u021bia de blocare. Carcas\u0103 robust\u0103 din plastic, cu ferestre drepte din sticl\u0103 \u0219i patru rafturi grilate.<\/p>\n<p>Caracteristici<\/p>\n<p>R\u0103cirea ventilatorului<\/p>\n<p>Cicl de r\u0103cire unic pentru a reduce formarea de ghea\u021b\u0103<\/p>\n<p>Lumini LED \u00een interior<\/p>\n<p>Agent frigorific R600a \/ f\u0103r\u0103 CFC<\/p>\n<p>Controler digital de temperatur\u0103 Dixell<\/p>\n<p>Temperatura de la 0 \u00b0 la + 12 \u00b0 Celsius<\/p>\n<p>Greutate net\u0103: 38 kg<\/p>\n<p>Dimensiuni interioare: 396x350x758 mm<\/p>\n<p>Dimensiuni exterioare: 428x386x1110 mm<\/p>\n<p>Conexiune: 230 V \/ 50 Hz \/ 1 faz\u0103 180 W<\/p>\n<p>&nbsp;<\/p>\n<p>&nbsp;<\/p>\n","protected":false},"excerpt":{"rendered":"<p>Mini-vitrin\u0103 frigorifica la 98 de litri.<\/p>\n","protected":false},"featured_media":19578,"template":"","meta":[],"_links":{"self":[{"href":"https:\/\/evotek.md\/ro\/wp-json\/wp\/v2\/product\/19587"}],"collection":[{"href":"https:\/\/evotek.md\/ro\/wp-json\/wp\/v2\/product"}],"about":[{"href":"https:\/\/evotek.md\/ro\/wp-json\/wp\/v2\/types\/product"}],"wp:featuredmedia":[{"embeddable":true,"href":"https:\/\/evotek.md\/ro\/wp-json\/wp\/v2\/media\/19578"}],"wp:attachment":[{"href":"https:\/\/evotek.md\/ro\/wp-json\/wp\/v2\/media?parent=19587"}],"curies":[{"name":"wp","href":"https:\/\/api.w.org\/{rel}","templated":true}]}}