{"id":1950,"date":"2020-02-14T12:22:35","date_gmt":"2020-02-14T12:24:27","guid":{"rendered":"https:\/\/evotek.md\/?post_type=product&#038;p=1950"},"modified":"2023-03-01T14:52:39","modified_gmt":"2023-03-01T14:52:39","slug":"aparat-electric-pentru-kebab-klg-172","status":"publish","type":"product","link":"https:\/\/evotek.md\/ro\/produse\/echipamente-pentru-fast-food\/grill-pentru-kebab\/aparat-electric-pentru-kebab-klg-172\/","title":{"rendered":"APARAT ELECTRIC PENTRU KEBAB, 60-80 kg -KLG172"},"content":{"rendered":"<p><strong>APARAT ELECTRIC PENTRU KEBAB, 60-80 kg -KLG172- <\/strong>Aparat pentru kebab, cu motor inferior \u0219i cinci \u00eenc\u0103lzitoare verticale. Aparatul este din inox cu geamuri termice. Este folosit pentru coacerea oric\u0103rui tip de produse din carne. Acest grill are un motor inferior (care se rote\u0219te \u00een ambele direc\u021bii). Este posibil s\u0103 regla\u021bi de sinest\u0103t\u0103tor distan\u021ba dintre ten \u0219i carne. Op\u021bional, pute\u021bi extinde tava \u0219i sita.<\/p>\n<p>Caracteristici<\/p>\n<p>\u00cenc\u0103lzitor: 5<\/p>\n<p>Capacitate: 60-80 kg<\/p>\n<p>Dimensiuni: 550\u0445715\u04451230 mm<\/p>\n<p>Tensiune: 400 V \/ 50 Hz<\/p>\n<p>Putere: 9,00 kW<\/p>\n<p>Greutate: 45 kg<\/p>\n","protected":false},"excerpt":{"rendered":"<p>Aparat pentru kebab cu cinci \u00eenc\u0103lzitoare verticale. Capacitate: 60-80 kg; Dimensiuni: 550\u0445715\u04451230 mm; Tensiune: 400 V\/ 50 Hz; Putere: 9,00 kW.<\/p>\n","protected":false},"featured_media":1949,"template":"","meta":[],"_links":{"self":[{"href":"https:\/\/evotek.md\/ro\/wp-json\/wp\/v2\/product\/1950"}],"collection":[{"href":"https:\/\/evotek.md\/ro\/wp-json\/wp\/v2\/product"}],"about":[{"href":"https:\/\/evotek.md\/ro\/wp-json\/wp\/v2\/types\/product"}],"wp:featuredmedia":[{"embeddable":true,"href":"https:\/\/evotek.md\/ro\/wp-json\/wp\/v2\/media\/1949"}],"wp:attachment":[{"href":"https:\/\/evotek.md\/ro\/wp-json\/wp\/v2\/media?parent=1950"}],"curies":[{"name":"wp","href":"https:\/\/api.w.org\/{rel}","templated":true}]}}