{"id":19468,"date":"2020-12-04T11:35:29","date_gmt":"2020-12-04T11:36:42","guid":{"rendered":"https:\/\/evotek.md\/?post_type=product&#038;p=19468"},"modified":"2023-01-20T14:36:50","modified_gmt":"2023-01-20T14:36:50","slug":"vitrina-pentru-patiserie-400-l-neagra-m-09400842","status":"publish","type":"product","link":"https:\/\/evotek.md\/ro\/produse\/echipamente-pentru-bar-si-cafea\/vitrine-frigorifice-pentru-patiserie-2\/vitrina-pentru-patiserie-400-l-neagra-m-09400842\/","title":{"rendered":"VITRINA FRIGORIFICA PENTRU PATISERIE DE PODEA 400 L NEAGRA -M-09400842"},"content":{"rendered":"<p><strong>VITRINA FRIGORIFICA PENTRU PATISERIE DE PODEA 400 L<\/strong> <strong>NEAGRA -M-09400842- <\/strong>Vitrin\u0103 rece pentru patiserie, ideal\u0103 pentru torturi pr\u0103jituri, gust\u0103ri \u0219i sandvi\u0219uri. Carcas\u0103 din inox cu ferestre dreptunghiulare \u00een jurul perimetrului \u0219i trei rafturi din sticl\u0103. U\u0219\u0103 glisant\u0103 \u0219i comand\u0103 digital\u0103 \u00een spate.<\/p>\n<p>Caracteristici<\/p>\n<p>Sistem de r\u0103cire cu ventilator (pentru pr\u0103jituri)<\/p>\n<p>Cicl de r\u0103cire unic pentru a reduce formarea de ghea\u021b\u0103<\/p>\n<p>Iluminare cu LED \u00een interior<\/p>\n<p>Agent frigorific R290 \/ f\u0103r\u0103 CFC<\/p>\n<p>Controler digital de temperatur\u0103 Dixell<\/p>\n<p>Temperatura de la 0 \u00b0 la + 12 \u00b0 Celsius<\/p>\n<p>Greutate net\u0103: 141 kg<\/p>\n<p>Dimensiuni interioare: 860x718x922 mm<\/p>\n<p>Dimensiuni exterioare: 900x805x1445 mm<\/p>\n<p>Conexiune: 230 V \/ 50 Hz \/ 1 faz\u0103 450 W<\/p>\n<p>&nbsp;<\/p>\n<p>&nbsp;<\/p>\n<p>&nbsp;<\/p>\n","protected":false},"excerpt":{"rendered":"<p>Vitrin\u0103 rece pentru patiserie la 400 de litri. Sistem de r\u0103cire cu ventilator (pentru pr\u0103jituri); Cicl de r\u0103cire unic pentru a reduce formarea de ghea\u021b\u0103; Iluminare cu LED \u00een interior; Agent frigorific R290 \/ f\u0103r\u0103 CFC; Controler digital de temperatur\u0103 Dixell; Temperatura de la 0 \u00b0 la + 12 \u00b0 Celsius; Greutate net\u0103: 141 kg; Dimensiuni interioare: 860x718x922 mm; Dimensiuni exterioare: 900x805x1445 mm; Conexiune: 230 V \/ 50 Hz \/ 1 faz\u0103 450 W.<\/p>\n","protected":false},"featured_media":19459,"template":"","meta":[],"_links":{"self":[{"href":"https:\/\/evotek.md\/ro\/wp-json\/wp\/v2\/product\/19468"}],"collection":[{"href":"https:\/\/evotek.md\/ro\/wp-json\/wp\/v2\/product"}],"about":[{"href":"https:\/\/evotek.md\/ro\/wp-json\/wp\/v2\/types\/product"}],"wp:featuredmedia":[{"embeddable":true,"href":"https:\/\/evotek.md\/ro\/wp-json\/wp\/v2\/media\/19459"}],"wp:attachment":[{"href":"https:\/\/evotek.md\/ro\/wp-json\/wp\/v2\/media?parent=19468"}],"curies":[{"name":"wp","href":"https:\/\/api.w.org\/{rel}","templated":true}]}}