{"id":19442,"date":"2020-12-04T09:26:13","date_gmt":"2020-12-04T09:27:32","guid":{"rendered":"https:\/\/evotek.md\/?post_type=product&#038;p=19442"},"modified":"2023-01-20T14:55:35","modified_gmt":"2023-01-20T14:55:35","slug":"vitrina-pentru-patiserie-cake-100-l-neagra-m-09400841","status":"publish","type":"product","link":"https:\/\/evotek.md\/ro\/produse\/echipamente-pentru-bar-si-cafea\/vitrine-frigorifice-pentru-patiserie-2\/vitrina-pentru-patiserie-cake-100-l-neagra-m-09400841\/","title":{"rendered":"VITRINA FRIGORIFICA PENTRU PATISERIE 100 L NEAGRA -M-09400841"},"content":{"rendered":"<p><strong>VITRINA FRIGORIFICA PENTRU PATISERIE 100 L NEAGRA -M-09400841- <\/strong>Vitrin\u0103 rece pentru patiserie, ideal\u0103 pentru torturi, pr\u0103jituri, gust\u0103ri \u0219i sandvi\u0219uri. Carcas\u0103 din inox cu ferestre curbate \u00een jurul perimetrului. Are trei rafturi de sticl\u0103. U\u0219\u0103 batant\u0103 \u0219i comenzi digitale \u00een spate.<\/p>\n<p>Caracteristici<\/p>\n<p>Sistem de r\u0103cire cu ventilator<\/p>\n<p>Cicl de r\u0103cire unic pentru a reduce formarea de ghea\u021b\u0103<\/p>\n<p>Iluminare cu LED \u00een interior<\/p>\n<p>Agent frigorific R600a \/ f\u0103r\u0103 CFC<\/p>\n<p>Controler digital de temperatur\u0103 Dixell<\/p>\n<p>Temperatura de la 0 \u00b0 la + 12 \u00b0 Celsius<\/p>\n<p>Picioare fixe<\/p>\n<p>Greutate net\u0103: 50 kg<\/p>\n<p>Dimensiuni interioare: 430x430x658 mm<\/p>\n<p>Dimensiuni exterioare: 480x480x1030 mm<\/p>\n<p>Conexiune: 230 V \/ 50 Hz \/ 1 faz\u0103 180 W<\/p>\n<p>&nbsp;<\/p>\n","protected":false},"excerpt":{"rendered":"<p>Vitrin\u0103 rece pentru patiserie la 100 de litri. Sistem de r\u0103cire cu ventilator; Cicl de r\u0103cire unic pentru a reduce formarea de ghea\u021b\u0103; Iluminare cu LED \u00een interior; Agent frigorific R600a \/ f\u0103r\u0103 CFC; Controler digital de temperatur\u0103 Dixell; Temperatura de la 0 \u00b0 la + 12 \u00b0 Celsius; Picioare fixe; Greutate net\u0103: 50 kg; Dimensiuni interioare: 430x430x658 mm; Dimensiuni exterioare: 480x480x1030 mm; Conexiune: 230 V \/ 50 Hz \/ 1 faz\u0103 180 W.<\/p>\n","protected":false},"featured_media":19429,"template":"","meta":[],"_links":{"self":[{"href":"https:\/\/evotek.md\/ro\/wp-json\/wp\/v2\/product\/19442"}],"collection":[{"href":"https:\/\/evotek.md\/ro\/wp-json\/wp\/v2\/product"}],"about":[{"href":"https:\/\/evotek.md\/ro\/wp-json\/wp\/v2\/types\/product"}],"wp:featuredmedia":[{"embeddable":true,"href":"https:\/\/evotek.md\/ro\/wp-json\/wp\/v2\/media\/19429"}],"wp:attachment":[{"href":"https:\/\/evotek.md\/ro\/wp-json\/wp\/v2\/media?parent=19442"}],"curies":[{"name":"wp","href":"https:\/\/api.w.org\/{rel}","templated":true}]}}