{"id":19408,"date":"2020-12-04T08:50:06","date_gmt":"2020-12-04T08:51:27","guid":{"rendered":"https:\/\/evotek.md\/?post_type=product&#038;p=19408"},"modified":"2023-01-20T14:30:16","modified_gmt":"2023-01-20T14:30:16","slug":"vitrina-pentru-patiserie-160-l-neagra-m-09400850","status":"publish","type":"product","link":"https:\/\/evotek.md\/ro\/produse\/echipamente-pentru-bar-si-cafea\/vitrine-frigorifice-pentru-patiserie-2\/vitrina-pentru-patiserie-160-l-neagra-m-09400850\/","title":{"rendered":"VITRINA FRIGORIFICA PENTRU PATISERIE DE MASA 160 L NEAGRA -M-09400850"},"content":{"rendered":"<p><strong>VITRINA FRIGORIFICA PENTRU PATISERIE DE MASA 160 <\/strong><strong>L NEAGRA -M-09400850- <\/strong>Vitrin\u0103 rece pentru patiserie, ideal\u0103 pentru torturi pr\u0103jituri, gust\u0103ri \u0219i sandvi\u0219uri. Cicl de r\u0103cire unic pentru a reduce formarea de ghea\u021b\u0103; R\u0103cirea ventilatorului; Are ferestre din sticl\u0103 pe toate patru laturi.<\/p>\n<p>Caracteristici<\/p>\n<p>Vitrina: 160 l<\/p>\n<p>Sticl\u0103 curbat\u0103 \u00een fa\u021b\u0103<\/p>\n<p>2 rafturi reglabile (cromate)<\/p>\n<p>Iluminarea \u00een interior<\/p>\n<p>Agent frigorific R600a \/ f\u0103r\u0103 CFC<\/p>\n<p>Temperatura: 0 \u00b0 p\u00e2n\u0103 la + 12 \u00b0 Celsius<\/p>\n<p>Greutate net\u0103: 66 kg<\/p>\n<p>Dimensiuni interioare: 834x448x410 mm<\/p>\n<p>Dimensiuni exterioare: 880x568x686 mm<\/p>\n<p>Conexiune: 230 V \/ 50 Hz \/ 1 faz\u0103 200 W<\/p>\n<p>&nbsp;<\/p>\n","protected":false},"excerpt":{"rendered":"<p>Vitrin\u0103 rece pentru patiserie la 160 de litri. Vitrina: 160 l; Sticl\u0103 curbat\u0103 \u00een fa\u021b\u0103; 2 rafturi reglabile (cromate); Iluminarea \u00een interior; Agent frigorific R600a \/ f\u0103r\u0103 CFC; Temperatura: 0 \u00b0 p\u00e2n\u0103 la + 12 \u00b0 Celsius; Greutate net\u0103: 66 kg; Dimensiuni interioare: 834x448x410 mm; Dimensiuni exterioare: 880x568x686 mm; Conexiune: 230 V \/ 50 Hz \/ 1 faz\u0103 200 W.<\/p>\n","protected":false},"featured_media":19399,"template":"","meta":[],"_links":{"self":[{"href":"https:\/\/evotek.md\/ro\/wp-json\/wp\/v2\/product\/19408"}],"collection":[{"href":"https:\/\/evotek.md\/ro\/wp-json\/wp\/v2\/product"}],"about":[{"href":"https:\/\/evotek.md\/ro\/wp-json\/wp\/v2\/types\/product"}],"wp:featuredmedia":[{"embeddable":true,"href":"https:\/\/evotek.md\/ro\/wp-json\/wp\/v2\/media\/19399"}],"wp:attachment":[{"href":"https:\/\/evotek.md\/ro\/wp-json\/wp\/v2\/media?parent=19408"}],"curies":[{"name":"wp","href":"https:\/\/api.w.org\/{rel}","templated":true}]}}