{"id":1939,"date":"2020-02-14T12:09:37","date_gmt":"2020-02-14T12:13:37","guid":{"rendered":"https:\/\/evotek.md\/?post_type=product&#038;p=1939"},"modified":"2023-03-01T14:50:52","modified_gmt":"2023-03-01T14:50:52","slug":"aparat-electric-pentru-kebab-klg-170","status":"publish","type":"product","link":"https:\/\/evotek.md\/ro\/produse\/echipamente-pentru-fast-food\/grill-pentru-kebab\/aparat-electric-pentru-kebab-klg-170\/","title":{"rendered":"APARAT ELECTRIC PENTRU KEBAB, 20-40 kg -KLG170"},"content":{"rendered":"<p><strong>APARAT ELECTRIC PENTRU KEBAB, 20-40 kg -KLG170- <\/strong>Aparat pentru kebab, cu motor inferior \u0219i trei \u00eenc\u0103lzitoare verticale. Aparatul este din inox cu geamuri termice. Este folosit pentru coacerea oric\u0103rui tip de produse din carne. Acest grill are un motor inferior (care se rote\u0219te \u00een ambele direc\u021bii). Este posibil s\u0103 regla\u021bi de sinest\u0103t\u0103tor distan\u021ba dintre ten \u0219i carne. Op\u021bional, pute\u021bi extinde tava \u0219i sita.<\/p>\n<p>Caracteristici<\/p>\n<p>\u00cenc\u0103lzitor: 3<\/p>\n<p>Capacitate: 20-40 kg<\/p>\n<p>Dimensiuni: 550x715x900 mm<\/p>\n<p>Tensiune: 400 V \/ 50 Hz<\/p>\n<p>Consum: 1016 m3 \/ h<\/p>\n<p>Putere: 5,40 kW<\/p>\n<p>Greutate: 35 kg<\/p>\n","protected":false},"excerpt":{"rendered":"<p>Aparat electric pentru kebab cu trei \u00eenc\u0103lzitoare verticale. Capacitate: 20-40 kg; Dimensiuni: 550x715x900 mm; Tensiune: 400 V\/ 50 Hz; Consum: 1016 m3 \/ h; Putere: 5,40 kW.<\/p>\n","protected":false},"featured_media":1938,"template":"","meta":[],"_links":{"self":[{"href":"https:\/\/evotek.md\/ro\/wp-json\/wp\/v2\/product\/1939"}],"collection":[{"href":"https:\/\/evotek.md\/ro\/wp-json\/wp\/v2\/product"}],"about":[{"href":"https:\/\/evotek.md\/ro\/wp-json\/wp\/v2\/types\/product"}],"wp:featuredmedia":[{"embeddable":true,"href":"https:\/\/evotek.md\/ro\/wp-json\/wp\/v2\/media\/1938"}],"wp:attachment":[{"href":"https:\/\/evotek.md\/ro\/wp-json\/wp\/v2\/media?parent=1939"}],"curies":[{"name":"wp","href":"https:\/\/api.w.org\/{rel}","templated":true}]}}