{"id":19345,"date":"2020-12-03T10:09:39","date_gmt":"2020-12-03T10:09:39","guid":{"rendered":"https:\/\/evotek.md\/?post_type=product&#038;p=19345"},"modified":"2020-12-03T10:09:39","modified_gmt":"2020-12-03T10:09:39","slug":"masina-de-produs-gheata-zdrobita-m-ice-85-flake-m-09300148","status":"publish","type":"product","link":"https:\/\/evotek.md\/ro\/produse\/echipamente-frigorifice\/masina-de-produs-gheata\/masina-de-produs-gheata-zdrobita-m-ice-85-flake-m-09300148\/","title":{"rendered":"MA\u0218IN\u0102 DE PRODUS GHEA\u021a\u0102 ZDROBIT\u0102 -M-ICE 85 FLAKE\/ M-09300148"},"content":{"rendered":"<p><strong>MA\u0218IN\u0102 DE PRODUS GHEA\u021a\u0102 ZDROBIT\u0102 -M-ICE <\/strong>85 <strong>FLAKE\/ M-09300148- <\/strong>Ma\u0219in\u0103 de produs ghea\u021b\u0103 zdrobit\u0103, se instaleaz\u0103 u\u0219or \u0219i rapid. Ma\u0219ina produce cel pu\u021bin 85 kg de ghea\u021b\u0103 zdrobit\u0103 \u00een 24 de ore. Acest aparat de buc\u0103t\u0103rie poate stoca 20 kg de ghea\u021b\u0103. Picioarele reglabile v\u0103 permit s\u0103 seta\u021bi \u00een\u0103l\u021bimea dorit\u0103. Carcas\u0103 \u0219i u\u0219\u0103 din inox.<\/p>\n<p>Igienic cu izola\u021bie bun\u0103; Protec\u021bie la suprasarcin\u0103; Echipat cu o supap\u0103 de ap\u0103; R\u0103cire cu aer lateral; Interiorul este din plastic ABS.<\/p>\n<p>Caracteristici<\/p>\n<p>Produc\u021bie: 85 kg \u00een 24 h<\/p>\n<p>Capacitate de depozitare: 20 kg<\/p>\n<p>Sistem de r\u0103cire eficient cu R290<\/p>\n<p>Greutate net\u0103: 46 kg<\/p>\n<p>Dimensiuni: 398x510x832 mm<\/p>\n<p>Conexiune: 230 V \/ 50 Hz \/ 1 faz\u0103 550 W<\/p>\n<p>&nbsp;<\/p>\n","protected":false},"excerpt":{"rendered":"<p>Ma\u0219in\u0103 de produs chea\u021b\u0103 zdrobit\u0103 cu o capacitate de 85 kg \u00een 24 h. Capacitate de depozitare: 20 kg; Sistem de r\u0103cire eficient cu R290; Greutate net\u0103: 46 kg; Dimensiuni: 398x510x832 mm; Conexiune: 230 V \/ 50 Hz \/ 1 faz\u0103 550 W.<\/p>\n","protected":false},"featured_media":19334,"template":"","meta":[],"_links":{"self":[{"href":"https:\/\/evotek.md\/ro\/wp-json\/wp\/v2\/product\/19345"}],"collection":[{"href":"https:\/\/evotek.md\/ro\/wp-json\/wp\/v2\/product"}],"about":[{"href":"https:\/\/evotek.md\/ro\/wp-json\/wp\/v2\/types\/product"}],"wp:featuredmedia":[{"embeddable":true,"href":"https:\/\/evotek.md\/ro\/wp-json\/wp\/v2\/media\/19334"}],"wp:attachment":[{"href":"https:\/\/evotek.md\/ro\/wp-json\/wp\/v2\/media?parent=19345"}],"curies":[{"name":"wp","href":"https:\/\/api.w.org\/{rel}","templated":true}]}}