{"id":1908,"date":"2020-02-14T07:57:54","date_gmt":"2020-02-14T08:00:50","guid":{"rendered":"https:\/\/evotek.md\/?post_type=product&#038;p=1908"},"modified":"2023-03-02T10:29:18","modified_gmt":"2023-03-02T10:29:18","slug":"grill-contact-klg-104","status":"publish","type":"product","link":"https:\/\/evotek.md\/ro\/produse\/echipamente-pentru-fast-food\/grill-contact-panini-sandwich\/grill-contact-klg-104\/","title":{"rendered":"GRILL CONTACT ELECTRIC, NETED+RIFLAT -KLG 104"},"content":{"rendered":"<p><strong>GRILL CONTACT ELECTRIC, NETED+RIFLAT -KLG 104<\/strong>&#8211; Grill-ul electric presat este conceput pentru pr\u0103jirea c\u0103rnii, pe\u0219tilor, legumelor, precum \u0219i pentru prepararea hamburgherilor \u0219i a sandvi\u0219urilor calde \u00een intreprinderile de alimenta\u021bie public\u0103 \u0219i comer\u021b. Este din inox cu un design de siguran\u021b\u0103.<\/p>\n<p>Grill cu o zon\u0103 de \u00eenc\u0103lzire. Suprafa\u021ba de lucru superioar\u0103 este riflat\u0103, acea inferioar\u0103 plat\u0103. Dimensiunea suprafe\u021bei de lucru superioare este &#8211; 380&#215;280 mm. Dimensiunea suprafe\u021bei inferioare de lucru este &#8211; 380\u0445280 mm. Echipamentul are dimensiuni de 265x460x420 mm. Este conectat la o re\u021bea de 230 V \/ 50 Hz. Puterea este de &#8211; 2,25 kW. Materialul este din font\u0103.<\/p>\n<p>Caracteristici<\/p>\n<p>Dimensiuni: 460x420x265 mm<\/p>\n<p>Conectare: 230 V \/ 50 Hz<\/p>\n<p>Putere: 2,25 kW<\/p>\n","protected":false},"excerpt":{"rendered":"<p>Grill contact electric cu o zon\u0103 de \u00eenc\u0103lzire. Dimensiuni: 460x420x265 mm; Conectare: 230 V \/ 50 Hz; Putere: 2,25 kW; Dimensiunea suprafe\u021bei de lucru superioare este &#8211; 380&#215;280 mm. Dimensiunea suprafe\u021bei inferioare de lucru este &#8211; 380\u0445280 mm.<\/p>\n","protected":false},"featured_media":1907,"template":"","meta":[],"_links":{"self":[{"href":"https:\/\/evotek.md\/ro\/wp-json\/wp\/v2\/product\/1908"}],"collection":[{"href":"https:\/\/evotek.md\/ro\/wp-json\/wp\/v2\/product"}],"about":[{"href":"https:\/\/evotek.md\/ro\/wp-json\/wp\/v2\/types\/product"}],"wp:featuredmedia":[{"embeddable":true,"href":"https:\/\/evotek.md\/ro\/wp-json\/wp\/v2\/media\/1907"}],"wp:attachment":[{"href":"https:\/\/evotek.md\/ro\/wp-json\/wp\/v2\/media?parent=1908"}],"curies":[{"name":"wp","href":"https:\/\/api.w.org\/{rel}","templated":true}]}}