{"id":19042,"date":"2020-12-01T11:21:21","date_gmt":"2020-12-01T11:25:22","guid":{"rendered":"https:\/\/evotek.md\/?post_type=product&#038;p=19042"},"modified":"2023-02-23T15:36:28","modified_gmt":"2023-02-23T15:36:28","slug":"storcator-pentru-citrice-32lh-xl-m-09300028","status":"publish","type":"product","link":"https:\/\/evotek.md\/ro\/produse\/echipamente-electromecanice\/storcatoare-electrice\/storcator-pentru-citrice-32lh-xl-m-09300028\/","title":{"rendered":"STORCATOR DE CITRICE XL -M-09300028"},"content":{"rendered":"<p><strong>STORCATOR DE CITRICE XL -M-09300028- <\/strong>solu\u021bie practic\u0103 \u0219i fiabil\u0103 pentru utilizarea \u00een restaurante \u0219i baruri, unde vizitatorilor li se ofer\u0103 suc proasp\u0103t stors. Un storc\u0103tor comercial de suc din citrice este un dispozitiv mic, dar puternic. Acest storc\u0103tor profesional este perfect pentru orice buc\u0103t\u0103rie. Storcatorul este echipat cu piese de plastic rezistente \u0219i un filtru deta\u0219abil, echipat de asemenea cu pres\u0103 pentru l\u0103m\u00e2ie, portocale \u0219i grapefruit.<\/p>\n<p>Caracteristici<\/p>\n<p>Brandul Maxima<\/p>\n<p>Parametri: 210x318x412 mm<\/p>\n<p>Putere: 230 V \/ 50 Hz \/ 1 faz\u0103 180 W<\/p>\n<p>Viteza de rotatie: 1800 rpm<\/p>\n<p>Motor puternic \u0219i lini\u0219tit 1\/4 CP<\/p>\n<p>\u00cen\u0103l\u021bimea maxim\u0103 a sticlei \/ pahar 19 cm<\/p>\n<p>Greutate net\u0103: 5,5 kg<\/p>\n","protected":false},"excerpt":{"rendered":"<p>Storc\u0103tor pentru citrice. Parametri: 210x318x412 mm; Putere: 230 V \/ 50 Hz \/ 1 faz\u0103 180 W; Viteza de rotatie: 1800 rpm; Motor puternic \u0219i lini\u0219tit 1\/4 CP; \u00cen\u0103l\u021bimea maxim\u0103 a sticlei \/ pahar 19 cm; Greutate net\u0103: 5,5 kg.<\/p>\n","protected":false},"featured_media":19031,"template":"","meta":[],"_links":{"self":[{"href":"https:\/\/evotek.md\/ro\/wp-json\/wp\/v2\/product\/19042"}],"collection":[{"href":"https:\/\/evotek.md\/ro\/wp-json\/wp\/v2\/product"}],"about":[{"href":"https:\/\/evotek.md\/ro\/wp-json\/wp\/v2\/types\/product"}],"wp:featuredmedia":[{"embeddable":true,"href":"https:\/\/evotek.md\/ro\/wp-json\/wp\/v2\/media\/19031"}],"wp:attachment":[{"href":"https:\/\/evotek.md\/ro\/wp-json\/wp\/v2\/media?parent=19042"}],"curies":[{"name":"wp","href":"https:\/\/api.w.org\/{rel}","templated":true}]}}