{"id":19013,"date":"2020-12-01T10:46:49","date_gmt":"2020-12-01T10:48:06","guid":{"rendered":"https:\/\/evotek.md\/?post_type=product&#038;p=19013"},"modified":"2024-09-04T14:08:44","modified_gmt":"2024-09-04T14:08:44","slug":"dispozitiv-de-clatire-cu-robinet-jp-oyd-03","status":"publish","type":"product","link":"https:\/\/evotek.md\/ro\/produse\/utilaje-pentru-spalare-vase\/dispozitiv-de-clatire\/dispozitiv-de-clatire-cu-robinet-jp-oyd-03\/","title":{"rendered":"DISPOZITIV DE CLATIRE, CU ROBINET (MONTARE IN CHIUVETA) -JP.OYD.03"},"content":{"rendered":"<p><strong>DISPOZITIV DE CLATIRE, CU ROBINET (MONTARE IN CHIUVETA) -JP.OYD.03-<\/strong> Dispozitivul de cl\u0103tire v\u0103 va ajuta s\u0103 preg\u0103ti\u021bi rapid \u0219i u\u0219or vasele pentru \u00eenc\u0103rcarea \u00een ma\u0219ina de sp\u0103lat vase, cur\u0103\u021b\u00e2nd suprafa\u021ba lor de resturile alimentare. Cu acesta, sp\u0103larea vaselor \u0219i a altor ustensile de buc\u0103t\u0103rie nu este dificil\u0103.<\/p>\n<p>Caracteristici<br \/>\nPulverizator: Da<br \/>\nTip: Montare \u00een chiuvet\u0103<br \/>\nDimensiuni (LuxLax\u00cen): 69x250x750 mm<br \/>\nGreutate: 4 kg<\/p>\n","protected":false},"excerpt":{"rendered":"<p>Pulverizator: Da; Tip: Montare \u00een chiuvet\u0103; Dimensiuni (LuxLax\u00cen): 69x250x750 mm; Greutate: 4 kg; Producator: EMPERO, Turcia.<\/p>\n","protected":false},"featured_media":19012,"template":"","meta":[],"_links":{"self":[{"href":"https:\/\/evotek.md\/ro\/wp-json\/wp\/v2\/product\/19013"}],"collection":[{"href":"https:\/\/evotek.md\/ro\/wp-json\/wp\/v2\/product"}],"about":[{"href":"https:\/\/evotek.md\/ro\/wp-json\/wp\/v2\/types\/product"}],"wp:featuredmedia":[{"embeddable":true,"href":"https:\/\/evotek.md\/ro\/wp-json\/wp\/v2\/media\/19012"}],"wp:attachment":[{"href":"https:\/\/evotek.md\/ro\/wp-json\/wp\/v2\/media?parent=19013"}],"curies":[{"name":"wp","href":"https:\/\/api.w.org\/{rel}","templated":true}]}}