{"id":19008,"date":"2020-12-01T10:43:30","date_gmt":"2020-12-01T10:43:30","guid":{"rendered":"https:\/\/evotek.md\/?post_type=product&#038;p=19008"},"modified":"2020-12-01T10:43:30","modified_gmt":"2020-12-01T10:43:30","slug":"dispozitiv-de-clatire-jp-oyd-02","status":"publish","type":"product","link":"https:\/\/evotek.md\/ro\/produse\/utilaje-pentru-spalare-vase\/dispozitiv-de-clatire\/dispozitiv-de-clatire-jp-oyd-02\/","title":{"rendered":"DISPOZITIV DE CL\u0102TIRE -JP.OYD.02"},"content":{"rendered":"<p><strong>DISPOZITIV DE CL\u0102TIRE -JP.OYD.02-<\/strong> Dispozitivul de cl\u0103tire v\u0103 va ajuta s\u0103 preg\u0103ti\u021bi rapid \u0219i u\u0219or vasele pentru \u00eenc\u0103rcarea \u00een ma\u0219ina de sp\u0103lat vase, cur\u0103\u021b\u00e2nd suprafa\u021ba lor de resturile alimentare. Cu acesta, sp\u0103larea vaselor \u0219i a altor ustensile de buc\u0103t\u0103rie nu este dificil\u0103.<\/p>\n<p>Caracteristici<\/p>\n<p>Pozi\u021bie: vertical\u0103<\/p>\n<p>Pulverizator: Da<\/p>\n<p>Tip: Pentru chiuvet\u0103<\/p>\n<p>&nbsp;<\/p>\n","protected":false},"excerpt":{"rendered":"<p>Dispozitiv de cl\u0103tire. Pozi\u021bie: vertical\u0103; Pulverizator: Da; Tip: Pentru chiuvet\u0103.<\/p>\n","protected":false},"featured_media":19007,"template":"","meta":[],"_links":{"self":[{"href":"https:\/\/evotek.md\/ro\/wp-json\/wp\/v2\/product\/19008"}],"collection":[{"href":"https:\/\/evotek.md\/ro\/wp-json\/wp\/v2\/product"}],"about":[{"href":"https:\/\/evotek.md\/ro\/wp-json\/wp\/v2\/types\/product"}],"wp:featuredmedia":[{"embeddable":true,"href":"https:\/\/evotek.md\/ro\/wp-json\/wp\/v2\/media\/19007"}],"wp:attachment":[{"href":"https:\/\/evotek.md\/ro\/wp-json\/wp\/v2\/media?parent=19008"}],"curies":[{"name":"wp","href":"https:\/\/api.w.org\/{rel}","templated":true}]}}