{"id":1885,"date":"2020-02-13T15:51:42","date_gmt":"2020-02-13T15:53:00","guid":{"rendered":"https:\/\/evotek.md\/?post_type=product&#038;p=1885"},"modified":"2023-03-02T11:57:41","modified_gmt":"2023-03-02T11:57:41","slug":"grill-contact-rn-101-c","status":"publish","type":"product","link":"https:\/\/evotek.md\/ro\/produse\/echipamente-pentru-fast-food\/grill-contact-panini-sandwich\/grill-contact-rn-101-c\/","title":{"rendered":"GRILL CONTACT ELECTRIC, NETED -RN 101-C"},"content":{"rendered":"<p><strong>GRILL CONTACT ELECTRIC, NETED -RN 101-C-<\/strong> Grill-ul electric este conceput pentru pr\u0103jirea c\u0103rnii, pe\u0219tilor, legumelor, precum \u0219i pentru prepararea hamburgherilor \u0219i a sandvi\u0219urilor calde \u00een intreprinderile de alimenta\u021bie public\u0103 \u0219i comer\u021b.<\/p>\n<p>Grill cu o singur\u0103 zon\u0103 de \u00eenc\u0103lzire. Ambele suprafe\u021be de lucru sunt plate. Dimensiunea suprafe\u021bei de lucru superioare este &#8211; 380&#215;280 mm. Dimensiunea suprafe\u021bei inferioare de lucru este &#8211; 380&#215;280 mm. Echipamentul are dimensiuni de 205x410x410 mm. Este conectat la o re\u021bea de 230 V \/ 50 Hz. Puterea este de 2,25 kW. Carcasa este din inox.<\/p>\n<p>Caracteristici<\/p>\n<p>Dimensiuni: 410\u0445410\u0445205 mm<\/p>\n<p>Conectare: 230 V \/ 50 Hz<\/p>\n<p>Putere: 2,25 kW<\/p>\n<p>Greutate: 29 kg<\/p>\n","protected":false},"excerpt":{"rendered":"<p>Grill contact cu o singur\u0103 zon\u0103 de \u00eenc\u0103lzire. Dimensiuni: 410\u0445410\u0445205 mm; Conectare: 230 V \/ 50 Hz; Putere: 2,25 kW; Dimensiunea suprafe\u021bei de lucru superioare este &#8211; 380&#215;280 mm. Dimensiunea suprafe\u021bei inferioare de lucru este &#8211; 380&#215;280 mm.<\/p>\n","protected":false},"featured_media":1884,"template":"","meta":[],"_links":{"self":[{"href":"https:\/\/evotek.md\/ro\/wp-json\/wp\/v2\/product\/1885"}],"collection":[{"href":"https:\/\/evotek.md\/ro\/wp-json\/wp\/v2\/product"}],"about":[{"href":"https:\/\/evotek.md\/ro\/wp-json\/wp\/v2\/types\/product"}],"wp:featuredmedia":[{"embeddable":true,"href":"https:\/\/evotek.md\/ro\/wp-json\/wp\/v2\/media\/1884"}],"wp:attachment":[{"href":"https:\/\/evotek.md\/ro\/wp-json\/wp\/v2\/media?parent=1885"}],"curies":[{"name":"wp","href":"https:\/\/api.w.org\/{rel}","templated":true}]}}