{"id":18178,"date":"2020-11-03T15:22:39","date_gmt":"2020-11-03T15:22:39","guid":{"rendered":"https:\/\/evotek.md\/?post_type=product&#038;p=18178"},"modified":"2020-11-03T15:22:39","modified_gmt":"2020-11-03T15:22:39","slug":"lampa-de-incalzire-suspendata-%e2%8c%80530x300-mm-st-692311","status":"publish","type":"product","link":"https:\/\/evotek.md\/ro\/produse\/accesorii-si-inventar-bucatarie\/lampi-de-incalzire\/lampa-de-incalzire-suspendata-%e2%8c%80530x300-mm-st-692311\/","title":{"rendered":"LAMP\u0102 DE \u00ceNC\u0102LZIRE SUSPENDAT\u0102 \u2300530&#215;300 mm -ST-692311"},"content":{"rendered":"<p><strong>LAMP\u0102 DE \u00ceNC\u0102LZIRE SUSPENDAT\u0102 <\/strong><strong>\u2300<\/strong><strong>530&#215;300 mm -ST-692311- <\/strong>L\u0103mpile de \u00eenc\u0103lzire sunt potrivite nu numai \u00een domeniul profesional, dar \u0219i pentru uz casnic, \u00een curte \u0219i la terase. L\u0103mpile suspendate de \u00eenc\u0103lzire le permit oaspe\u021bilor s\u0103 stea confortabil la terasele spa\u021biilor restaurantului nu numai vara, ci \u0219i la temperaturi mai sc\u0103zute. Utilizarea de c\u0103tre produc\u0103tor a unui sistem cu halogen reduce costurile \u0219i face dispozitivul mai sigur de utilizat. Lumina cald\u0103 creeaz\u0103 o atmosfer\u0103 pl\u0103cut\u0103, iar 3 nivele de putere v\u0103 permit s\u0103 regla\u021bi intensitatea c\u0103ldurii radiate \u00een func\u021bie de temperatura exterioar\u0103.<\/p>\n<p>Caracteristici<\/p>\n<p>Durata de via\u021b\u0103 a l\u0103mpii cu halogen: aproximativ 5000 de ore<\/p>\n<p>Grad de protec\u021bie: IP44<\/p>\n<p>Tensiune: 230 vol\u021bi<\/p>\n<p>Electricitate: 1,8 kW<\/p>\n<p>Greutate: 3, 0 kg<\/p>\n<p>Parametri: 530&#215;300 mm<\/p>\n<p>&nbsp;<\/p>\n","protected":false},"excerpt":{"rendered":"<p>Lamp\u0103 de \u00eenc\u0103lzire cu dimensiunea \u2300530&#215;300 mm. Durata de via\u021b\u0103 a l\u0103mpii cu halogen: aproximativ 5000 de ore; Grad de protec\u021bie: IP44; Tensiune: 230 vol\u021bi; Electricitate: 1,8 kW; Greutate: 3, 0 kg.<\/p>\n","protected":false},"featured_media":18177,"template":"","meta":[],"_links":{"self":[{"href":"https:\/\/evotek.md\/ro\/wp-json\/wp\/v2\/product\/18178"}],"collection":[{"href":"https:\/\/evotek.md\/ro\/wp-json\/wp\/v2\/product"}],"about":[{"href":"https:\/\/evotek.md\/ro\/wp-json\/wp\/v2\/types\/product"}],"wp:featuredmedia":[{"embeddable":true,"href":"https:\/\/evotek.md\/ro\/wp-json\/wp\/v2\/media\/18177"}],"wp:attachment":[{"href":"https:\/\/evotek.md\/ro\/wp-json\/wp\/v2\/media?parent=18178"}],"curies":[{"name":"wp","href":"https:\/\/api.w.org\/{rel}","templated":true}]}}