{"id":18169,"date":"2020-11-03T14:25:03","date_gmt":"2020-11-03T14:25:03","guid":{"rendered":"https:\/\/evotek.md\/?post_type=product&#038;p=18169"},"modified":"2020-11-03T14:25:03","modified_gmt":"2020-11-03T14:25:03","slug":"umbrela-de-incalzire-%e2%8c%80585x1700-2050-%d0%bc%d0%bc-st-692301","status":"publish","type":"product","link":"https:\/\/evotek.md\/ro\/produse\/accesorii-si-inventar-bucatarie\/lampi-de-incalzire\/umbrela-de-incalzire-%e2%8c%80585x1700-2050-%d0%bc%d0%bc-st-692301\/","title":{"rendered":"UMBREL\u0102 DE \u00ceNC\u0102LZIRE \u2300585&#215;1700-2050 \u043c\u043c -ST-692301"},"content":{"rendered":"<p><strong>UMBREL\u0102 DE \u00ceNC\u0102LZIRE <\/strong><strong>\u2300<\/strong><strong>585&#215;1700-2050 \u043c\u043c -ST-692301-<\/strong> L\u0103mpile de \u00eenc\u0103lzire sunt potrivite nu numai \u00een domeniul profesional, dar \u0219i pentru uz casnic, \u00een curte \u0219i la terase. O umbrel\u0103 de \u00eenc\u0103lzire permite oaspe\u021bilor s\u0103 stea confortabil pe terasele restaurantului nu numai vara, ci \u0219i la temperaturi mai sc\u0103zute. Utilizarea de c\u0103tre produc\u0103tor a unui sistem cu halogen reduce costurile \u0219i face dispozitivul mai sigur de utilizat. Lumina cald\u0103 a l\u0103mpii creeaz\u0103 o atmosfer\u0103 pl\u0103cut\u0103, iar cele 3 nivele de putere permit reglarea intensit\u0103\u021bii c\u0103ldurii \u00een func\u021bie de temperatura exterioar\u0103.<\/p>\n<p>Caracteristici<\/p>\n<p>Reglare \u00een\u0103l\u021bime: 1700-2050 mm<\/p>\n<p>Durata de via\u021b\u0103 a l\u0103mpii cu halogen: aproximativ 5000 de ore<\/p>\n<p>Domeniu de lucru: aproximativ 17 m 2<\/p>\n<p>Nivelul de protec\u021bie: IP44<\/p>\n<p>Tensiune: 230 vol\u021bi<\/p>\n<p>Electricitate: 2,1 kW<\/p>\n<p>Greutate: 13,30 kg<\/p>\n<p>Parametri: 585&#215;1700-2050 mm<\/p>\n<p>&nbsp;<\/p>\n","protected":false},"excerpt":{"rendered":"<p>Umbrel\u0103 de \u00eenc\u0103lzire cu reglarea \u00een\u0103l\u021bimii \u0219i capului, cu diametrul de \u2300585&#215;1700-2050 mm. Reglare \u00een\u0103l\u021bime: 1700-2050 mm; Durata de via\u021b\u0103 a l\u0103mpii cu halogen: aproximativ 5000 h; Domeniu de lucru: aproximativ 17 m 2; Nivelul de protec\u021bie: IP44; Tensiune: 230 vol\u021bi; Electricitate: 2,1 kW; Greutate: 13,30 kg.<\/p>\n","protected":false},"featured_media":18168,"template":"","meta":[],"_links":{"self":[{"href":"https:\/\/evotek.md\/ro\/wp-json\/wp\/v2\/product\/18169"}],"collection":[{"href":"https:\/\/evotek.md\/ro\/wp-json\/wp\/v2\/product"}],"about":[{"href":"https:\/\/evotek.md\/ro\/wp-json\/wp\/v2\/types\/product"}],"wp:featuredmedia":[{"embeddable":true,"href":"https:\/\/evotek.md\/ro\/wp-json\/wp\/v2\/media\/18168"}],"wp:attachment":[{"href":"https:\/\/evotek.md\/ro\/wp-json\/wp\/v2\/media?parent=18169"}],"curies":[{"name":"wp","href":"https:\/\/api.w.org\/{rel}","templated":true}]}}