{"id":18164,"date":"2020-11-03T14:09:59","date_gmt":"2020-11-03T14:09:59","guid":{"rendered":"https:\/\/evotek.md\/?post_type=product&#038;p=18164"},"modified":"2020-11-03T14:09:59","modified_gmt":"2020-11-03T14:09:59","slug":"umbrela-de-incalzire-%e2%8c%80750x2050-%d0%bc%d0%bc-st-692300","status":"publish","type":"product","link":"https:\/\/evotek.md\/ro\/produse\/accesorii-si-inventar-bucatarie\/lampi-de-incalzire\/umbrela-de-incalzire-%e2%8c%80750x2050-%d0%bc%d0%bc-st-692300\/","title":{"rendered":"UMBREL\u0102 DE \u00ceNC\u0102LZIRE \u2300750&#215;2050 \u043c\u043c -ST-692300"},"content":{"rendered":"<p><strong>UMBREL\u0102 DE \u00ceNC\u0102LZIRE <\/strong><strong>\u2300<\/strong><strong>750&#215;2050 \u043c\u043c -ST-692300-<\/strong> L\u0103mpile de \u00eenc\u0103lzire sunt potrivite nu numai \u00een domeniul profesional, dar \u0219i pentru uz casnic, \u00een curte \u0219i la terase. O umbrel\u0103 de \u00eenc\u0103lzire permite oaspe\u021bilor s\u0103 stea confortabil pe terasele restaurantului nu numai vara, ci \u0219i la temperaturi mai sc\u0103zute. Utilizarea de c\u0103tre produc\u0103tor a unui sistem cu halogen reduce costurile \u0219i face dispozitivul mai sigur de utilizat. Lumina cald\u0103 a l\u0103mpii creeaz\u0103 o atmosfer\u0103 pl\u0103cut\u0103, iar cele 3 nivele de putere permit reglarea intensit\u0103\u021bii c\u0103ldurii \u00een func\u021bie de temperatura exterioar\u0103.<\/p>\n<p>Caracteristici<\/p>\n<p>Durata de via\u021b\u0103 a l\u0103mpii cu halogen: aproximativ 5000 de ore<\/p>\n<p>Domeniu de lucru: aproximativ 17 m 2<\/p>\n<p>Nivelul de protec\u021bie: IP44<\/p>\n<p>Tensiune: 230 vol\u021bi<\/p>\n<p>Electricitate: 2,1 kW<\/p>\n<p>Greutate: 13,30 kg<\/p>\n<p>Parametri: 750&#215;2050<\/p>\n<p>&nbsp;<\/p>\n","protected":false},"excerpt":{"rendered":"<p>Umbrel\u0103 de \u00eenc\u0103lzire cu diametrul de \u2300750&#215;2050 mm. Durata de via\u021b\u0103 a l\u0103mpii cu halogen: aproximativ 5000 h; Domeniu de lucru: aproximativ 17 m 2; Nivelul de protec\u021bie: IP44; Tensiune: 230 vol\u021bi; Electricitate: 2,1 kW; Greutate: 13,30 kg.<\/p>\n","protected":false},"featured_media":18163,"template":"","meta":[],"_links":{"self":[{"href":"https:\/\/evotek.md\/ro\/wp-json\/wp\/v2\/product\/18164"}],"collection":[{"href":"https:\/\/evotek.md\/ro\/wp-json\/wp\/v2\/product"}],"about":[{"href":"https:\/\/evotek.md\/ro\/wp-json\/wp\/v2\/types\/product"}],"wp:featuredmedia":[{"embeddable":true,"href":"https:\/\/evotek.md\/ro\/wp-json\/wp\/v2\/media\/18163"}],"wp:attachment":[{"href":"https:\/\/evotek.md\/ro\/wp-json\/wp\/v2\/media?parent=18164"}],"curies":[{"name":"wp","href":"https:\/\/api.w.org\/{rel}","templated":true}]}}