{"id":18130,"date":"2020-11-03T12:47:04","date_gmt":"2020-11-03T12:47:52","guid":{"rendered":"https:\/\/evotek.md\/?post_type=product&#038;p=18130"},"modified":"2020-11-03T12:47:52","modified_gmt":"2020-11-03T12:47:52","slug":"tava-pentru-fast-food-verde-300%d1%85400-%d0%bc%d0%bc-st-413302","status":"publish","type":"product","link":"https:\/\/evotek.md\/ro\/produse\/accesorii-si-inventar-bucatarie\/inventar-pentru-servire-bucate\/tava-pentru-fast-food-verde-300%d1%85400-%d0%bc%d0%bc-st-413302\/","title":{"rendered":"TAV\u0102 PENTRU FAST-FOOD, VERDE 300\u0445400 \u043c\u043c -ST-413302"},"content":{"rendered":"<p><strong>TAV\u0102 PENTRU FAST-FOOD,<\/strong> <strong>VERDE 300\u0445400 \u043c\u043c -ST-413302- <\/strong>Tava este fabricat\u0103 din polipropilen\u0103, care este foarte rezistent\u0103 la deteriorarea mecanic\u0103. \u00cen plus, acest material este u\u0219or de p\u0103strat curat, astfel \u00eenc\u00e2t t\u0103vile pot fi utilizate \u00een alimenta\u021bia profesional\u0103, \u00een special \u00een spa\u021bii mici \u0219i mijlocii. Cu ajutorul t\u0103vilor, pute\u021bi transporta u\u0219or, convenabil \u0219i \u00een siguran\u021b\u0103 vesela.<\/p>\n<p>Caracteristici<\/p>\n<p>Parametri: 300\u0445400 mm<\/p>\n<p>&nbsp;<\/p>\n","protected":false},"excerpt":{"rendered":"<p>Tav\u0103 pentru fast-food, verde 300\u0445400 mm.<\/p>\n","protected":false},"featured_media":42446,"template":"","meta":[],"_links":{"self":[{"href":"https:\/\/evotek.md\/ro\/wp-json\/wp\/v2\/product\/18130"}],"collection":[{"href":"https:\/\/evotek.md\/ro\/wp-json\/wp\/v2\/product"}],"about":[{"href":"https:\/\/evotek.md\/ro\/wp-json\/wp\/v2\/types\/product"}],"wp:featuredmedia":[{"embeddable":true,"href":"https:\/\/evotek.md\/ro\/wp-json\/wp\/v2\/media\/42446"}],"wp:attachment":[{"href":"https:\/\/evotek.md\/ro\/wp-json\/wp\/v2\/media?parent=18130"}],"curies":[{"name":"wp","href":"https:\/\/api.w.org\/{rel}","templated":true}]}}