{"id":18081,"date":"2020-11-02T15:13:47","date_gmt":"2020-11-02T15:14:28","guid":{"rendered":"https:\/\/evotek.md\/?post_type=product&#038;p=18081"},"modified":"2023-01-18T14:37:08","modified_gmt":"2023-01-18T14:37:08","slug":"plita-cu-inductie-wok-3500-w-m-09371050","status":"publish","type":"product","link":"https:\/\/evotek.md\/ro\/produse\/echipamente-termice\/plite-cu-inductie\/plita-cu-inductie-wok-3500-w-m-09371050\/","title":{"rendered":"PLITA CU INDUCTIE WOK 1 ARZATOR -M-09371050"},"content":{"rendered":"<p><strong>PLITA CU INDUCTIE WOK 1 ARZATOR -M-09371050- <\/strong>\u00cen plitele cu induc\u021bie este utilizat\u0103 sticl\u0103 de \u00eenalt\u0103 calitate pentru suprafa\u021ba de lucru. Panou tactil u\u0219or de utilizat. Gama de temperatur\u0103 de la 60 la 240 \u00b0 C. Plita cu induc\u021bie este echipat\u0103 cu protec\u021bie la supra\u00eenc\u0103lzire.<\/p>\n<p>Caracteristici<\/p>\n<p>Temporizatorul poate fi setat de la 0 la 180 de minute<\/p>\n<p>Interval de temperatur\u0103 60 &#8211; 240 \u00b0 C<\/p>\n<p>Greutate net\u0103: 5,8 kg<\/p>\n<p>Dimensiuni: 425x340x135<\/p>\n<p>Conexiune: 230 V \/ 50 Hz \/ 1 faz\u0103 3500 W<\/p>\n<p>&nbsp;<\/p>\n<p>&nbsp;<\/p>\n","protected":false},"excerpt":{"rendered":"<p>Plit\u0103 cu induc\u021bie Wok de \u00eenalt\u0103 calitate pentru uz casnic \u0219i profesional. Temporizatorul poate fi setat de la 0 la 180 de minute; Interval de temperatur\u0103 60 &#8211; 240 \u00b0 C; Greutate net\u0103: 5,8 kg; Dimensiuni: 425x340x135; Conexiune: 230 V \/ 50 Hz \/ 1 faz\u0103 3500 W.<\/p>\n","protected":false},"featured_media":18068,"template":"","meta":[],"_links":{"self":[{"href":"https:\/\/evotek.md\/ro\/wp-json\/wp\/v2\/product\/18081"}],"collection":[{"href":"https:\/\/evotek.md\/ro\/wp-json\/wp\/v2\/product"}],"about":[{"href":"https:\/\/evotek.md\/ro\/wp-json\/wp\/v2\/types\/product"}],"wp:featuredmedia":[{"embeddable":true,"href":"https:\/\/evotek.md\/ro\/wp-json\/wp\/v2\/media\/18068"}],"wp:attachment":[{"href":"https:\/\/evotek.md\/ro\/wp-json\/wp\/v2\/media?parent=18081"}],"curies":[{"name":"wp","href":"https:\/\/api.w.org\/{rel}","templated":true}]}}