{"id":18004,"date":"2020-11-02T13:54:03","date_gmt":"2020-11-02T13:54:03","guid":{"rendered":"https:\/\/evotek.md\/?post_type=product&#038;p=18004"},"modified":"2020-11-02T13:54:03","modified_gmt":"2020-11-02T13:54:03","slug":"lama-cu-impingator-pentru-feliator-12-%d0%bc%d0%bc-st-333214","status":"publish","type":"product","link":"https:\/\/evotek.md\/ro\/produse\/accesorii-si-inventar-bucatarie\/ustensile-pentru-felierea-manuala-a-legumelor\/lama-cu-impingator-pentru-feliator-12-%d0%bc%d0%bc-st-333214\/","title":{"rendered":"LAM\u0102 CU \u00ceMPING\u0102TOR PENTRU FELIATOR 12 \u043c\u043c -ST-333214"},"content":{"rendered":"<p><strong>LAM\u0102 CU \u00ceMPING\u0102TOR PENTRU FELIATOR 12 \u043c\u043c -ST-333214-<\/strong> Lam\u0103 cu \u00eemping\u0103tor de 12 mm este op\u021bional\u0103 pentru feliatorul cu codul 333014. Cu\u021bitele ascu\u021bite din inox garanteaz\u0103 o t\u0103iere perfect\u0103, iar m\u00e2nerul ergonomic al \u00eemping\u0103torului asigur\u0103 o func\u021bionare confortabil\u0103 \u0219i sigur\u0103. Fabricat din aluminiu durabil pentru durabilitate, rezisten\u021b\u0103 la deterior\u0103ri mecanice \u0219i cur\u0103\u021bare u\u0219oar\u0103. Drept urmare, munca este \u00eentotdeauna neted\u0103 \u0219i igienic\u0103.<\/p>\n<p>Caracteristici<\/p>\n<p>Lam\u0103 cu \u00eemping\u0103tor pentru feliator, 12 \u043c\u043c.<\/p>\n<p>&nbsp;<\/p>\n","protected":false},"excerpt":{"rendered":"<p>Lam\u0103 cu \u00eemping\u0103tor pentru feliator, 12 \u043c\u043c.<\/p>\n","protected":false},"featured_media":17992,"template":"","meta":[],"_links":{"self":[{"href":"https:\/\/evotek.md\/ro\/wp-json\/wp\/v2\/product\/18004"}],"collection":[{"href":"https:\/\/evotek.md\/ro\/wp-json\/wp\/v2\/product"}],"about":[{"href":"https:\/\/evotek.md\/ro\/wp-json\/wp\/v2\/types\/product"}],"wp:featuredmedia":[{"embeddable":true,"href":"https:\/\/evotek.md\/ro\/wp-json\/wp\/v2\/media\/17992"}],"wp:attachment":[{"href":"https:\/\/evotek.md\/ro\/wp-json\/wp\/v2\/media?parent=18004"}],"curies":[{"name":"wp","href":"https:\/\/api.w.org\/{rel}","templated":true}]}}