{"id":17997,"date":"2020-11-02T13:28:38","date_gmt":"2020-11-02T13:29:29","guid":{"rendered":"https:\/\/evotek.md\/?post_type=product&#038;p=17997"},"modified":"2023-12-20T12:37:31","modified_gmt":"2023-12-20T12:37:31","slug":"feliator-pentru-felierea-manuala-cuburi-sau-betisoare-95x95-%d0%bc%d0%bc-st-333014","status":"publish","type":"product","link":"https:\/\/evotek.md\/ro\/produse\/accesorii-si-inventar-bucatarie\/ustensile-pentru-felierea-manuala-a-legumelor\/feliator-pentru-felierea-manuala-cuburi-sau-betisoare-95x95-%d0%bc%d0%bc-st-333014\/","title":{"rendered":"MANDOLINA PENTRU LEGUME, CUBURI SI PAI 9,5&#215;9,5 mm -ST-333014"},"content":{"rendered":"<p><strong>MANDOLINA PENTRU LEGUME, CUBURI SI PAI 9,5&#215;9,5 mm -ST-333014-<\/strong> Legumele \u0219i fructele perfect feliate sunt baza perfect\u0103 pentru orice bucate. Feliatorul manual este un dispozitiv portabil care permite felierea precis\u0103 a legumelor \u0219i a unor fructe \u00een cuburi sau be\u021bi\u0219oare cu dimensiunea 9,5&#215;9,5 mm. Feliatorul este fabricat din aluminiu, datorit\u0103 c\u0103ruia este rezistent la daune mecanice \u0219i este, de asemenea, u\u0219or de \u00eentre\u021binut. Pentru o utilizare sigur\u0103, feliatorul este echipat cu picioare antiderapante pentru a preveni mi\u0219carea dispozitivului \u00een timpul utiliz\u0103rii. M\u00e2nerul ergonomic confortabil gr\u0103be\u0219te foarte mult munca \u0219i reduce durerea m\u00e2inilor atunci c\u00e2nd t\u0103ia\u021bi legume \u0219i fructe tari.<\/p>\n<p>Caracteristici<\/p>\n<p>Parametri: 215x225x515 mm<\/p>\n<p>Greutate: 3,2 kg<\/p>\n<p>&nbsp;<\/p>\n","protected":false},"excerpt":{"rendered":"<p>Mandolina pentru t\u0103ierea manual\u0103 a legumelor \u0219i fructelor \u00een cuburi sau be\u021bi\u0219oare cu dimensiunea 9,5&#215;9,5 \u043c\u043c. Parametri: 215x225x515 mm; Greutate: 3,2 kg.<\/p>\n","protected":false},"featured_media":17988,"template":"","meta":[],"_links":{"self":[{"href":"https:\/\/evotek.md\/ro\/wp-json\/wp\/v2\/product\/17997"}],"collection":[{"href":"https:\/\/evotek.md\/ro\/wp-json\/wp\/v2\/product"}],"about":[{"href":"https:\/\/evotek.md\/ro\/wp-json\/wp\/v2\/types\/product"}],"wp:featuredmedia":[{"embeddable":true,"href":"https:\/\/evotek.md\/ro\/wp-json\/wp\/v2\/media\/17988"}],"wp:attachment":[{"href":"https:\/\/evotek.md\/ro\/wp-json\/wp\/v2\/media?parent=17997"}],"curies":[{"name":"wp","href":"https:\/\/api.w.org\/{rel}","templated":true}]}}