{"id":17984,"date":"2020-11-02T12:54:18","date_gmt":"2020-11-02T12:54:18","guid":{"rendered":"https:\/\/evotek.md\/?post_type=product&#038;p=17984"},"modified":"2020-11-02T12:54:18","modified_gmt":"2020-11-02T12:54:18","slug":"impingator-pentru-feliator-st-333415","status":"publish","type":"product","link":"https:\/\/evotek.md\/ro\/produse\/accesorii-si-inventar-bucatarie\/ustensile-pentru-felierea-manuala-a-legumelor\/impingator-pentru-feliator-st-333415\/","title":{"rendered":"\u00ceMPING\u0102TOR PENTRU FELIATOR -ST-333415"},"content":{"rendered":"<p><strong>\u00ceMPING\u0102TOR PENTRU FELIATOR -ST-333415-<\/strong> Dispozitivul de \u00eempingere se potrive\u0219te cu modelul 333015. Cu ajutorul dispozitivului de \u00eempingere, putem t\u0103ia at\u00e2t legumele \u0219i fructele moi c\u00e2t \u0219i cele tari \u00een buc\u0103\u021bi, \u00eentr-un mod simplu \u0219i cel mai important, sigur. Componentele de \u00eenalt\u0103 calitate asigur\u0103 durabilitatea, iar m\u00e2nerul ergonomic este confortabil de utilizat.<\/p>\n<p>Caracteristici<\/p>\n<p>\u00cemping\u0103tor pentru feliator se potrive\u0219te cu modelul 333015.<\/p>\n","protected":false},"excerpt":{"rendered":"<p>\u00cemping\u0103tor pentru feliator se potrive\u0219te cu modelul 333015.<\/p>\n","protected":false},"featured_media":17969,"template":"","meta":[],"_links":{"self":[{"href":"https:\/\/evotek.md\/ro\/wp-json\/wp\/v2\/product\/17984"}],"collection":[{"href":"https:\/\/evotek.md\/ro\/wp-json\/wp\/v2\/product"}],"about":[{"href":"https:\/\/evotek.md\/ro\/wp-json\/wp\/v2\/types\/product"}],"wp:featuredmedia":[{"embeddable":true,"href":"https:\/\/evotek.md\/ro\/wp-json\/wp\/v2\/media\/17969"}],"wp:attachment":[{"href":"https:\/\/evotek.md\/ro\/wp-json\/wp\/v2\/media?parent=17984"}],"curies":[{"name":"wp","href":"https:\/\/api.w.org\/{rel}","templated":true}]}}