{"id":17976,"date":"2020-11-02T12:23:02","date_gmt":"2020-11-02T12:23:02","guid":{"rendered":"https:\/\/evotek.md\/?post_type=product&#038;p=17976"},"modified":"2020-11-02T12:23:02","modified_gmt":"2020-11-02T12:23:02","slug":"lama-pentru-feliator-6-cutite-st-333215","status":"publish","type":"product","link":"https:\/\/evotek.md\/ro\/produse\/accesorii-si-inventar-bucatarie\/ustensile-pentru-felierea-manuala-a-legumelor\/lama-pentru-feliator-6-cutite-st-333215\/","title":{"rendered":"LAM\u0102 PENTRU FELIATOR 6 CU\u021aITE -ST-333215"},"content":{"rendered":"<p><strong>LAM\u0102 PENTRU FELIATOR 6 CU\u021aITE -ST-333215-<\/strong> Lama pentru feliat din 6 cu\u021bite este un accesoriu pentru feliatorul cu codul 333015. Cu\u021bitele ascu\u021bite garanteaz\u0103 felierea perfect\u0103 at\u00e2t a fructelor \u0219i legumelor moi, c\u00e2t \u0219i a celor tari. Fabricat din inox durabil, ofer\u0103 durabilitate, rezisten\u021b\u0103 la deteriorarea mecanic\u0103 \u0219i coroziune \u0219i este u\u0219or de cur\u0103\u021bat. Drept urmare, munca este \u00eentotdeauna u\u0219oar\u0103 \u0219i igienic\u0103.<\/p>\n<p>Caracteristici<\/p>\n<p>Lam\u0103 pentru feliator din 6 cu\u021bite.<\/p>\n","protected":false},"excerpt":{"rendered":"<p>Lam\u0103 pentru feliator din 6 cu\u021bite.<\/p>\n","protected":false},"featured_media":17967,"template":"","meta":[],"_links":{"self":[{"href":"https:\/\/evotek.md\/ro\/wp-json\/wp\/v2\/product\/17976"}],"collection":[{"href":"https:\/\/evotek.md\/ro\/wp-json\/wp\/v2\/product"}],"about":[{"href":"https:\/\/evotek.md\/ro\/wp-json\/wp\/v2\/types\/product"}],"wp:featuredmedia":[{"embeddable":true,"href":"https:\/\/evotek.md\/ro\/wp-json\/wp\/v2\/media\/17967"}],"wp:attachment":[{"href":"https:\/\/evotek.md\/ro\/wp-json\/wp\/v2\/media?parent=17976"}],"curies":[{"name":"wp","href":"https:\/\/api.w.org\/{rel}","templated":true}]}}