{"id":17956,"date":"2020-11-02T11:24:44","date_gmt":"2020-11-02T11:24:44","guid":{"rendered":"https:\/\/evotek.md\/?post_type=product&#038;p=17956"},"modified":"2020-11-02T11:24:45","modified_gmt":"2020-11-02T11:24:45","slug":"impingator-pentru-feliator-6-piese-st-333416","status":"publish","type":"product","link":"https:\/\/evotek.md\/ro\/produse\/accesorii-si-inventar-bucatarie\/ustensile-pentru-felierea-manuala-a-legumelor\/impingator-pentru-feliator-6-piese-st-333416\/","title":{"rendered":"\u00ceMPING\u0102TOR PENTRU FELIATOR 6 PIESE -ST-333416"},"content":{"rendered":"<p><strong>\u00ceMPING\u0102TOR PENTRU FELIATOR 6 PIESE -ST-333416-<\/strong> Dispozitivul de \u00eempingere cu 6 piese se potrive\u0219te cu modelul 333016. Cu ajutorul dispozitivului de \u00eempingere, putem t\u0103ia at\u00e2t legumele \u0219i fructele moi c\u00e2t \u0219i cele tari \u00een buc\u0103\u021bi, \u00eentr-un mod simplu \u0219i cel mai important, sigur. Componentele de \u00eenalt\u0103 calitate asigur\u0103 durabilitatea, iar m\u00e2nerul ergonomic este confortabil de utilizat.<\/p>\n<p>Caracteristici<\/p>\n<p>\u00cemping\u0103tor pentru feliator din 6 piese.<\/p>\n","protected":false},"excerpt":{"rendered":"<p>\u00cemping\u0103tor pentru feliator din 6 piese.<\/p>\n","protected":false},"featured_media":17945,"template":"","meta":[],"_links":{"self":[{"href":"https:\/\/evotek.md\/ro\/wp-json\/wp\/v2\/product\/17956"}],"collection":[{"href":"https:\/\/evotek.md\/ro\/wp-json\/wp\/v2\/product"}],"about":[{"href":"https:\/\/evotek.md\/ro\/wp-json\/wp\/v2\/types\/product"}],"wp:featuredmedia":[{"embeddable":true,"href":"https:\/\/evotek.md\/ro\/wp-json\/wp\/v2\/media\/17945"}],"wp:attachment":[{"href":"https:\/\/evotek.md\/ro\/wp-json\/wp\/v2\/media?parent=17956"}],"curies":[{"name":"wp","href":"https:\/\/api.w.org\/{rel}","templated":true}]}}