{"id":17919,"date":"2020-11-02T09:00:22","date_gmt":"2020-11-02T09:00:22","guid":{"rendered":"https:\/\/evotek.md\/?post_type=product&#038;p=17919"},"modified":"2020-11-02T09:00:22","modified_gmt":"2020-11-02T09:00:22","slug":"capac-86-mm-pentru-400581-400582-st-400589","status":"publish","type":"product","link":"https:\/\/evotek.md\/ro\/produse\/accesorii-si-inventar-bucatarie\/vesela-si-tacamuri\/borcane-pentru-servire\/capac-86-mm-pentru-400581-400582-st-400589\/","title":{"rendered":"CAPAC 86 mm PENTRU 400581, 400582 -ST-400589"},"content":{"rendered":"<p><strong>CAPAC 86 mm PENTRU 400581, 400582 -ST-400589-<\/strong> capac pentru borcane de servire. Pentru restaurante, baruri \u0219i cafenele. Potrivit pentru 400581, 400582, se v\u00eend \u00eentr-o cantitate de 6 buc\u0103\u021bi.<\/p>\n<p>Caracteristici<\/p>\n<p>Diametru: 86 mm<\/p>\n<p>Se v\u00eend \u00eentr-o cantitate de 6 buc\u0103\u021bi.<\/p>\n<p>&nbsp;<\/p>\n","protected":false},"excerpt":{"rendered":"<p>Capac pentru borcane de servire pentru 400581, 400582.<\/p>\n","protected":false},"featured_media":17918,"template":"","meta":[],"_links":{"self":[{"href":"https:\/\/evotek.md\/ro\/wp-json\/wp\/v2\/product\/17919"}],"collection":[{"href":"https:\/\/evotek.md\/ro\/wp-json\/wp\/v2\/product"}],"about":[{"href":"https:\/\/evotek.md\/ro\/wp-json\/wp\/v2\/types\/product"}],"wp:featuredmedia":[{"embeddable":true,"href":"https:\/\/evotek.md\/ro\/wp-json\/wp\/v2\/media\/17918"}],"wp:attachment":[{"href":"https:\/\/evotek.md\/ro\/wp-json\/wp\/v2\/media?parent=17919"}],"curies":[{"name":"wp","href":"https:\/\/api.w.org\/{rel}","templated":true}]}}