{"id":17914,"date":"2020-11-02T08:54:03","date_gmt":"2020-11-02T08:54:03","guid":{"rendered":"https:\/\/evotek.md\/?post_type=product&#038;p=17914"},"modified":"2020-11-02T08:54:27","modified_gmt":"2020-11-02T08:54:27","slug":"capac-70-mm-pentru-400585-400591-400592-st-400588","status":"publish","type":"product","link":"https:\/\/evotek.md\/ro\/produse\/accesorii-si-inventar-bucatarie\/vesela-si-tacamuri\/borcane-pentru-servire\/capac-70-mm-pentru-400585-400591-400592-st-400588\/","title":{"rendered":"CAPAC 70 mm PENTRU 400585, 400591, 400592 -ST-400588"},"content":{"rendered":"<p><strong>CAPAC 70 mm PENTRU 400585, 400591, 400592 -ST-400588-<\/strong> capac pentru borcane de servire. Pentru restaurante, baruri \u0219i cafenele. Potrivit pentru 400585, 400591, 400592, se v\u00eend \u00eentr-o cantitate de 6 buc\u0103\u021bi.<\/p>\n<p>Caracteristici<\/p>\n<p>Diametru: 70 mm<\/p>\n<p>Se v\u00eend \u00eentr-o cantitate de 6 buc\u0103\u021bi.<\/p>\n<p>&nbsp;<\/p>\n","protected":false},"excerpt":{"rendered":"<p>Capac pentru borcane de servire pentru 400585, 400591, 400592.<\/p>\n","protected":false},"featured_media":17913,"template":"","meta":[],"_links":{"self":[{"href":"https:\/\/evotek.md\/ro\/wp-json\/wp\/v2\/product\/17914"}],"collection":[{"href":"https:\/\/evotek.md\/ro\/wp-json\/wp\/v2\/product"}],"about":[{"href":"https:\/\/evotek.md\/ro\/wp-json\/wp\/v2\/types\/product"}],"wp:featuredmedia":[{"embeddable":true,"href":"https:\/\/evotek.md\/ro\/wp-json\/wp\/v2\/media\/17913"}],"wp:attachment":[{"href":"https:\/\/evotek.md\/ro\/wp-json\/wp\/v2\/media?parent=17914"}],"curies":[{"name":"wp","href":"https:\/\/api.w.org\/{rel}","templated":true}]}}