{"id":17905,"date":"2020-10-30T15:18:28","date_gmt":"2020-10-30T15:18:28","guid":{"rendered":"https:\/\/evotek.md\/?post_type=product&#038;p=17905"},"modified":"2020-10-30T15:18:57","modified_gmt":"2020-10-30T15:18:57","slug":"borcan-pentru-servire-415-ml-st-400585","status":"publish","type":"product","link":"https:\/\/evotek.md\/ro\/produse\/accesorii-si-inventar-bucatarie\/vesela-si-tacamuri\/borcane-pentru-servire\/borcan-pentru-servire-415-ml-st-400585\/","title":{"rendered":"BORCAN PENTRU SERVIRE 415 ml -ST-400585"},"content":{"rendered":"<p><strong>BORCAN PENTRU SERVIRE 415 ml -ST-400585- <\/strong>O linie de borcane pentru servire de \u00eenalt\u0103 calitate. Pentru restaurante, baruri \u0219i cafenele.<\/p>\n<p>Caracteristici<\/p>\n<p>\u00cen\u0103l\u021bime: 136 mm<\/p>\n<p>Diametru: 78 mm<\/p>\n<p>Volum: 0,415 L<\/p>\n<p>\u00cen cutie sunt 12 buc.<\/p>\n<p>&nbsp;<\/p>\n","protected":false},"excerpt":{"rendered":"<p>Borcan pentru servire cu un volum de 0,415 l. \u00cen\u0103l\u021bime: 136 mm; Diametru: 78 mm; \u00cen cutie sunt 12 buc. F\u0103r\u0103 capac.<\/p>\n","protected":false},"featured_media":17904,"template":"","meta":[],"_links":{"self":[{"href":"https:\/\/evotek.md\/ro\/wp-json\/wp\/v2\/product\/17905"}],"collection":[{"href":"https:\/\/evotek.md\/ro\/wp-json\/wp\/v2\/product"}],"about":[{"href":"https:\/\/evotek.md\/ro\/wp-json\/wp\/v2\/types\/product"}],"wp:featuredmedia":[{"embeddable":true,"href":"https:\/\/evotek.md\/ro\/wp-json\/wp\/v2\/media\/17904"}],"wp:attachment":[{"href":"https:\/\/evotek.md\/ro\/wp-json\/wp\/v2\/media?parent=17905"}],"curies":[{"name":"wp","href":"https:\/\/api.w.org\/{rel}","templated":true}]}}