{"id":17872,"date":"2020-10-30T14:13:20","date_gmt":"2020-10-30T14:13:20","guid":{"rendered":"https:\/\/evotek.md\/?post_type=product&#038;p=17872"},"modified":"2020-10-30T14:17:02","modified_gmt":"2020-10-30T14:17:02","slug":"borcan-pentru-servire-400-ml-st-400586","status":"publish","type":"product","link":"https:\/\/evotek.md\/ro\/produse\/accesorii-si-inventar-bucatarie\/vesela-si-tacamuri\/borcane-pentru-servire\/borcan-pentru-servire-400-ml-st-400586\/","title":{"rendered":"BORCAN PENTRU SERVIRE 400 ml -ST-400586"},"content":{"rendered":"<p><strong>BORCAN PENTRU SERVIRE 400 ml -ST-400586- <\/strong>O linie de borcane pentru servire de \u00eenalt\u0103 calitate. Pentru restaurante, baruri \u0219i cafenele.<\/p>\n<p>Caracteristici<\/p>\n<p>\u00cen\u0103l\u021bime: 155 mm<\/p>\n<p>Diametru: 73 mm<\/p>\n<p>Volum: 0,400 L<\/p>\n<p>\u00cen cutie sunt 12 buc.<\/p>\n<p>&nbsp;<\/p>\n","protected":false},"excerpt":{"rendered":"<p>Borcan pentru servire cu un volum de 0,400 l. \u00cen\u0103l\u021bime: 155 mm; Diametru: 73 mm; \u00cen cutie sunt 12 buc. F\u0103r\u0103 capac.<\/p>\n","protected":false},"featured_media":17871,"template":"","meta":[],"_links":{"self":[{"href":"https:\/\/evotek.md\/ro\/wp-json\/wp\/v2\/product\/17872"}],"collection":[{"href":"https:\/\/evotek.md\/ro\/wp-json\/wp\/v2\/product"}],"about":[{"href":"https:\/\/evotek.md\/ro\/wp-json\/wp\/v2\/types\/product"}],"wp:featuredmedia":[{"embeddable":true,"href":"https:\/\/evotek.md\/ro\/wp-json\/wp\/v2\/media\/17871"}],"wp:attachment":[{"href":"https:\/\/evotek.md\/ro\/wp-json\/wp\/v2\/media?parent=17872"}],"curies":[{"name":"wp","href":"https:\/\/api.w.org\/{rel}","templated":true}]}}