{"id":17862,"date":"2020-10-30T12:35:36","date_gmt":"2020-10-30T12:35:36","guid":{"rendered":"https:\/\/evotek.md\/?post_type=product&#038;p=17862"},"modified":"2020-10-30T12:35:36","modified_gmt":"2020-10-30T12:35:36","slug":"ciocanul-bucatarului-cu-tenderizator-56-lame-265%d1%8560x70-mm-st-247519","status":"publish","type":"product","link":"https:\/\/evotek.md\/ro\/produse\/accesorii-si-inventar-bucatarie\/ciocan-pentru-carne\/ciocanul-bucatarului-cu-tenderizator-56-lame-265%d1%8560x70-mm-st-247519\/","title":{"rendered":"CIOCANUL BUC\u0102TARULUI CU TENDERIZATOR 56 LAME 265\u044560&#215;70 mm -ST-247519"},"content":{"rendered":"<p><strong>CIOCANUL BUC\u0102TARULUI CU<\/strong> <strong>TENDERIZATOR <\/strong><strong>56<\/strong> <strong>LAME <\/strong><strong>265\u0445<\/strong><strong>60<\/strong><strong>x<\/strong><strong>70<\/strong> <strong>mm -ST-<\/strong><strong>247519<\/strong><strong>&#8211; <\/strong>Ciocanul buc\u0103tarului, 56 de lame, unelte de buc\u0103t\u0103rie profesionale de calitate european\u0103 pentru hoteluri, restaurante, cafenele \u0219i baruri.<\/p>\n<p>Caracteristici<\/p>\n<p>Parametri: 265x60x70 mm<\/p>\n<p>&nbsp;<\/p>\n","protected":false},"excerpt":{"rendered":"<p>Ciocanul buc\u0103tarului cu tenderizator (56 de lame). Parametri: 265x60x70 mm<\/p>\n","protected":false},"featured_media":17861,"template":"","meta":[],"_links":{"self":[{"href":"https:\/\/evotek.md\/ro\/wp-json\/wp\/v2\/product\/17862"}],"collection":[{"href":"https:\/\/evotek.md\/ro\/wp-json\/wp\/v2\/product"}],"about":[{"href":"https:\/\/evotek.md\/ro\/wp-json\/wp\/v2\/types\/product"}],"wp:featuredmedia":[{"embeddable":true,"href":"https:\/\/evotek.md\/ro\/wp-json\/wp\/v2\/media\/17861"}],"wp:attachment":[{"href":"https:\/\/evotek.md\/ro\/wp-json\/wp\/v2\/media?parent=17862"}],"curies":[{"name":"wp","href":"https:\/\/api.w.org\/{rel}","templated":true}]}}