{"id":17858,"date":"2020-10-30T12:07:44","date_gmt":"2020-10-30T12:07:44","guid":{"rendered":"https:\/\/evotek.md\/?post_type=product&#038;p=17858"},"modified":"2020-10-30T12:07:44","modified_gmt":"2020-10-30T12:07:44","slug":"tenderizator-pentru-carne-45-lame-alb-145%d1%8545x103-%d0%bc%d0%bc-st-247510","status":"publish","type":"product","link":"https:\/\/evotek.md\/ro\/produse\/accesorii-si-inventar-bucatarie\/ciocan-pentru-carne\/tenderizator-pentru-carne-45-lame-alb-145%d1%8545x103-%d0%bc%d0%bc-st-247510\/","title":{"rendered":"TENDERIZATOR PENTRU CARNE 45 LAME -ALB 145\u044545&#215;103 \u043c\u043c -ST-247510"},"content":{"rendered":"<p><strong>TENDERIZATOR PENTRU CARNE 45 LAME -ALB<\/strong> <strong>145\u044545&#215;103 \u043c\u043c -ST-247510-<\/strong> Tenderizator pentru carne cu 45 lame, inventar profesional pentru buc\u0103t\u0103rie de calitate european\u0103 pentru hoteluri, restaurante, cafenele \u0219i baruri.<\/p>\n<p>Caracteristici<\/p>\n<p>Parametri: 145x45x103 mm<\/p>\n<p>&nbsp;<\/p>\n","protected":false},"excerpt":{"rendered":"<p>Tenderizator pentru carne 45 de lame (alb). Parametri: 145x45x103 mm<\/p>\n","protected":false},"featured_media":17857,"template":"","meta":[],"_links":{"self":[{"href":"https:\/\/evotek.md\/ro\/wp-json\/wp\/v2\/product\/17858"}],"collection":[{"href":"https:\/\/evotek.md\/ro\/wp-json\/wp\/v2\/product"}],"about":[{"href":"https:\/\/evotek.md\/ro\/wp-json\/wp\/v2\/types\/product"}],"wp:featuredmedia":[{"embeddable":true,"href":"https:\/\/evotek.md\/ro\/wp-json\/wp\/v2\/media\/17857"}],"wp:attachment":[{"href":"https:\/\/evotek.md\/ro\/wp-json\/wp\/v2\/media?parent=17858"}],"curies":[{"name":"wp","href":"https:\/\/api.w.org\/{rel}","templated":true}]}}